{"id":13012,"date":"2017-02-04T13:16:39","date_gmt":"2017-02-04T12:16:39","guid":{"rendered":"http:\/\/www.appartamentilorella.it\/home\/"},"modified":"2019-04-10T12:17:27","modified_gmt":"2019-04-10T10:17:27","slug":"home","status":"publish","type":"page","link":"https:\/\/www.appartamentilorella.it\/fr\/","title":{"rendered":"Home"},"content":{"rendered":"<div class=\"wpb-content-wrapper\"><p>[vc_row full_width=\u00a0\u00bbstretch_row\u00a0\u00bb full_height=\u00a0\u00bbyes\u00a0\u00bb bg_type=\u00a0\u00bbimage\u00a0\u00bb parallax_style=\u00a0\u00bbvcpb-default\u00a0\u00bb bg_image_repeat=\u00a0\u00bbno-repeat\u00a0\u00bb bg_img_attach=\u00a0\u00bbfixed\u00a0\u00bb bg_override=\u00a0\u00bbbrowser_size\u00a0\u00bb parallax_content=\u00a0\u00bbparallax_content_value\u00a0\u00bb parallax_content_sense=\u00a0\u00bb70&Prime; fadeout_row=\u00a0\u00bbfadeout_row_value\u00a0\u00bb seperator_enable=\u00a0\u00bbseperator_enable_value\u00a0\u00bb seperator_type=\u00a0\u00bbxlarge_triangle_seperator\u00a0\u00bb seperator_position=\u00a0\u00bbbottom_seperator\u00a0\u00bb seperator_svg_height=\u00a0\u00bb100&Prime; seperator_shape_background=\u00a0\u00bb#ffffff\u00a0\u00bb css=\u00a0\u00bb.vc_custom_1550664052064{padding-top: 0px !important;padding-bottom: 0px !important;}\u00a0\u00bb][vc_column][rev_slider_vc alias=\u00a0\u00bbslide-home-fr\u00a0\u00bb][\/vc_column][\/vc_row][vc_row full_width=\u00a0\u00bbstretch_row\u00a0\u00bb full_height=\u00a0\u00bbyes\u00a0\u00bb bg_type=\u00a0\u00bbimage\u00a0\u00bb parallax_style=\u00a0\u00bbvcpb-default\u00a0\u00bb bg_image_new=\u00a0\u00bbid^11745|url^http:\/\/www.appartamentilorella.it\/wp-content\/uploads\/2019\/02\/golfo-lacona.jpg|caption^null|alt^null|title^golfo-lacona|description^null\u00a0\u00bb bg_image_repeat=\u00a0\u00bbno-repeat\u00a0\u00bb bg_override=\u00a0\u00bbex-full\u00a0\u00bb enable_overlay=\u00a0\u00bbenable_overlay_value\u00a0\u00bb overlay_color=\u00a0\u00bbrgba(255,255,255,0.81)\u00a0\u00bb overlay_pattern=\u00a0\u00bbtransperant\u00a0\u00bb el_id=\u00a0\u00bbnext\u00a0\u00bb css=\u00a0\u00bb.vc_custom_1549968302700{padding-top: 60px !important;padding-bottom: 100px !important;}\u00a0\u00bb][vc_column][vc_custom_heading text=\u00a0\u00bbLes appartements\u00a0\u00bb font_container=\u00a0\u00bbtag:h2|font_size:37px|text_align:center|color:%23004564&Prime; google_fonts=\u00a0\u00bbfont_family:Condiment%3Aregular|font_style:400%20regular%3A400%3Anormal\u00a0\u00bb][vc_custom_heading text=\u00a0\u00bbNotre r\u00e9sidence se trouve \u00e0 Lacona, une localit\u00e9 de la c\u00f4te sud de l&rsquo;Elbe, sur le territoire du parc national de l&rsquo;archipel toscan.\u00a0\u00bb font_container=\u00a0\u00bbtag:h2|font_size:21px|text_align:center|color:%23004564&Prime; google_fonts=\u00a0\u00bbfont_family:Cabin%3Aregular%2Citalic%2C500%2C500italic%2C600%2C600italic%2C700%2C700italic|font_style:400%20regular%3A400%3Anormal\u00a0\u00bb][vc_empty_space][vc_custom_heading text=\u00a0\u00bbSitu\u00e9e \u00e0 seulement 50 m\u00e8tres de la jolie plage de sable blanc Lacona, consid\u00e9r\u00e9e comme \u00e9tant l&rsquo;un des plus beaux lieux de l&rsquo;\u00eele, la r\u00e9sidence Lorella b\u00e9n\u00e9ficie d&rsquo;une situation g\u00e9ographique unique et tr\u00e8s pratique, \u00e0 m\u00eame de satisfaire vos exigences de vacances.<\/p>\n<p>En effet, une petite route interne vous conduit en quelques minutes seulement \u00e0 la plage; celle-ci est \u00e9quip\u00e9e de tous les services n\u00e9cessaires pour vous permettre de passer des moments de d\u00e9tente et plaisir.\u00a0\u00bb font_container=\u00a0\u00bbtag:h2|font_size:23px|text_align:center|color:%23004564|line_height:36px\u00a0\u00bb google_fonts=\u00a0\u00bbfont_family:Bitter%3Aregular%2Citalic%2C700|font_style:400%20regular%3A400%3Anormal\u00a0\u00bb][vc_empty_space height=\u00a0\u00bb40px\u00a0\u00bb][\/vc_column][\/vc_row][vc_row full_width=\u00a0\u00bbstretch_row\u00a0\u00bb full_height=\u00a0\u00bbyes\u00a0\u00bb css=\u00a0\u00bb.vc_custom_1554891446947{padding-top: 65px !important;background-image: url(https:\/\/www.appartamentilorella.it\/wp-content\/uploads\/2019\/02\/\u252c\u00aeR.Ridi3087CP.jpg?id=12333) !important;background-position: center !important;background-repeat: no-repeat !important;background-size: cover !important;}\u00a0\u00bb][vc_column width=\u00a0\u00bb1\/6&Prime; css=\u00a0\u00bb.vc_custom_1486384241768{padding-top: 0px !important;}\u00a0\u00bb][\/vc_column][vc_column width=\u00a0\u00bb2\/3&Prime;]<div class=\"owl-carousel row-carousel arrow-style-3 no-pagi-carousel \" data-items=\"1\" data-loop=\"true\" data-margin=\"30\" data-center=\"false\" data-stage-padding=\"0\" data-start-position=\"0\" data-dots=\"false\" data-touch-drag=\"true\" data-mouse-drag=\"true\" data-autoplay-hover-pause=\"true\" data-nav=\"true\" data-autoplay-timeout=\"5000\" data-autoplay=\"true\" data-animate-in=\"false\" data-animate-out=\"false\">[vc_row_inner css=\u00a0\u00bb.vc_custom_1552905292123{padding-top: 60px !important;padding-right: 10% !important;padding-bottom: 95px !important;padding-left: 10% !important;}\u00a0\u00bb][vc_column_inner][vc_single_image image=\u00a0\u00bb11775&Prime; img_size=\u00a0\u00bbfull\u00a0\u00bb alignment=\u00a0\u00bbcenter\u00a0\u00bb][vc_custom_heading text=\u00a0\u00bbLe Palme\u00a0\u00bb font_container=\u00a0\u00bbtag:h2|font_size:36px|text_align:center|color:%23004564&Prime; google_fonts=\u00a0\u00bbfont_family:Condiment%3Aregular|font_style:400%20regular%3A400%3Anormal\u00a0\u00bb css=\u00a0\u00bb.vc_custom_1552907111104{margin-bottom: 10px !important;}\u00a0\u00bb][vc_column_text]<\/p>\n<h2><img loading=\"lazy\" decoding=\"async\" class=\"size-medium wp-image-11790 alignleft\" src=\"\/wp-content\/uploads\/2019\/02\/le-palme-300x169.jpg\" alt=\"\" width=\"300\" height=\"169\" srcset=\"https:\/\/www.appartamentilorella.it\/wp-content\/uploads\/2019\/02\/le-palme-300x169.jpg 300w, https:\/\/www.appartamentilorella.it\/wp-content\/uploads\/2019\/02\/le-palme-768x432.jpg 768w, https:\/\/www.appartamentilorella.it\/wp-content\/uploads\/2019\/02\/le-palme-1024x576.jpg 1024w, https:\/\/www.appartamentilorella.it\/wp-content\/uploads\/2019\/02\/le-palme.jpg 1920w\" sizes=\"auto, (max-width: 300px) 100vw, 300px\" \/><\/h2>\n<p>Ils sont situ\u00e9s \u00e0 80 m\u00e8tres de la plage et disposent de toutes les typologies d&rsquo;appartements souhait\u00e9es: studios, deux-pi\u00e8ces, trois-pi\u00e8ces.[\/vc_column_text][vc_empty_space]<div class=\"pix_button button-center\"><a href=\"\/fr\/appartements\/le-palme\/\"  class=\"clear btn  btn-solid btn-hover-outline btn-rectangle  btn-md color btn-hover-color\">d\u00e9tails<\/a><\/div>[\/vc_column_inner][\/vc_row_inner][vc_row_inner css=\u00a0\u00bb.vc_custom_1552905314657{padding-top: 60px !important;padding-right: 10% !important;padding-bottom: 95px !important;padding-left: 10% !important;}\u00a0\u00bb][vc_column_inner][vc_single_image image=\u00a0\u00bb11963&Prime; img_size=\u00a0\u00bbfull\u00a0\u00bb alignment=\u00a0\u00bbcenter\u00a0\u00bb][vc_custom_heading text=\u00a0\u00bbMelograno\u00a0\u00bb font_container=\u00a0\u00bbtag:h2|font_size:36px|text_align:center|color:%23004564&Prime; google_fonts=\u00a0\u00bbfont_family:Condiment%3Aregular|font_style:400%20regular%3A400%3Anormal\u00a0\u00bb css=\u00a0\u00bb.vc_custom_1549968809778{margin-bottom: 10px !important;}\u00a0\u00bb][vc_column_text]<img loading=\"lazy\" decoding=\"async\" class=\"size-medium wp-image-11791 alignleft\" src=\"\/wp-content\/uploads\/2019\/02\/melograno-300x169.jpg\" alt=\"\" width=\"300\" height=\"169\" srcset=\"https:\/\/www.appartamentilorella.it\/wp-content\/uploads\/2019\/02\/melograno-300x169.jpg 300w, https:\/\/www.appartamentilorella.it\/wp-content\/uploads\/2019\/02\/melograno-768x432.jpg 768w, https:\/\/www.appartamentilorella.it\/wp-content\/uploads\/2019\/02\/melograno.jpg 1024w\" sizes=\"auto, (max-width: 300px) 100vw, 300px\" \/>Batiment situ\u00e9 \u00e0 50 m\u00e8tres de la plage qui propose des appartements deux-pi\u00e8ces dispos\u00e9s sur deux \u00e9tages.[\/vc_column_text][vc_empty_space]<div class=\"pix_button button-center\"><a href=\"\/fr\/appartements\/melograno\/\"  class=\"clear btn  btn-solid btn-hover-outline btn-rectangle  btn-md color btn-hover-color\">d\u00e9tails<\/a><\/div>[\/vc_column_inner][\/vc_row_inner][vc_row_inner css=\u00a0\u00bb.vc_custom_1552905322088{padding-top: 60px !important;padding-right: 10% !important;padding-bottom: 95px !important;padding-left: 10% !important;}\u00a0\u00bb][vc_column_inner][vc_single_image image=\u00a0\u00bb11962&Prime; img_size=\u00a0\u00bbfull\u00a0\u00bb alignment=\u00a0\u00bbcenter\u00a0\u00bb][vc_custom_heading text=\u00a0\u00bbCarrubo\u00a0\u00bb font_container=\u00a0\u00bbtag:h2|font_size:36px|text_align:center|color:%23004564&Prime; google_fonts=\u00a0\u00bbfont_family:Condiment%3Aregular|font_style:400%20regular%3A400%3Anormal\u00a0\u00bb css=\u00a0\u00bb.vc_custom_1549968842331{margin-bottom: 10px !important;}\u00a0\u00bb][vc_column_text]<img loading=\"lazy\" decoding=\"async\" class=\"size-medium wp-image-11789 alignleft\" src=\"\/wp-content\/uploads\/2019\/02\/carrubo-300x169.jpg\" alt=\"\" width=\"300\" height=\"169\" srcset=\"https:\/\/www.appartamentilorella.it\/wp-content\/uploads\/2019\/02\/carrubo-300x169.jpg 300w, https:\/\/www.appartamentilorella.it\/wp-content\/uploads\/2019\/02\/carrubo-768x432.jpg 768w, https:\/\/www.appartamentilorella.it\/wp-content\/uploads\/2019\/02\/carrubo.jpg 900w\" sizes=\"auto, (max-width: 300px) 100vw, 300px\" \/>B\u00e2timent situ\u00e9 \u00e0 80 m\u00e8tres de la plage, disposant de 4 nouveaux appartements deux-pi\u00e8ces. Chaque appartement dispose de 4 couchages, d&rsquo;une terrasse et d&rsquo;une place de parking \u00e0 l&rsquo;ombre.[\/vc_column_text][vc_empty_space]<div class=\"pix_button button-center\"><a href=\"\/fr\/appartements\/carrubo\/\"  class=\"clear btn  btn-solid btn-hover-outline btn-rectangle  btn-md color btn-hover-color\">d\u00e9tails<\/a><\/div>[\/vc_column_inner][\/vc_row_inner]<\/div>[\/vc_column][vc_column width=\u00a0\u00bb1\/6&Prime;][\/vc_column][\/vc_row][vc_row full_width=\u00a0\u00bbstretch_row\u00a0\u00bb full_height=\u00a0\u00bbyes\u00a0\u00bb enable_overlay=\u00a0\u00bbenable_overlay_value\u00a0\u00bb overlay_color=\u00a0\u00bbrgba(255,255,255,0.81)\u00a0\u00bb overlay_pattern=\u00a0\u00bbtransperant\u00a0\u00bb css=\u00a0\u00bb.vc_custom_1549970431693{padding-top: 30px !important;padding-bottom: 60px !important;}\u00a0\u00bb][vc_column css=\u00a0\u00bb.vc_custom_1486388911640{padding-top: 35px !important;}\u00a0\u00bb][vc_row_inner css=\u00a0\u00bb.vc_custom_1486387899293{padding-top: 0px !important;}\u00a0\u00bb][vc_column_inner width=\u00a0\u00bb1\/2&Prime; css=\u00a0\u00bb.vc_custom_1486387893133{padding-top: 0px !important;}\u00a0\u00bb][vc_custom_heading text=\u00a0\u00bbFamille Mazzarri\u00a0\u00bb font_container=\u00a0\u00bbtag:h2|font_size:36px|text_align:center|color:%23004564&Prime; google_fonts=\u00a0\u00bbfont_family:Condiment%3Aregular|font_style:400%20regular%3A400%3Anormal\u00a0\u00bb css=\u00a0\u00bb.vc_custom_1554384231169{margin-bottom: 10px !important;}\u00a0\u00bb][vc_custom_heading text=\u00a0\u00bbLa r\u00e9sidence Lorella est g\u00e9r\u00e9e par la famille Mazzarri \/ Bolano, toujours heureuse de cr\u00e9er un rapport avec ses client qui d\u00e9passe le lien purement professionnel. Nos clients sont d&rsquo;abord des amis avant d&rsquo;\u00eatre des clients. Afin de cr\u00e9er une atmosph\u00e8re agr\u00e9able, un climat d&rsquo;amiti\u00e9 et de d\u00e9tente, nous organisons fr\u00e9quemment des d\u00eeners et diverses activit\u00e9s en compagnie de nos clients.<\/p>\n<p>Nous sommes toujours disponibles \u00e0 fournir les informations n\u00e9cessaires afin de que vous passiez d&rsquo;agr\u00e9ables vacances: demandez-nous conseils sur les meilleures plages, les promenades panoramiques ou les villages les plus charmants. Gr\u00e2ce \u00e0 notre exp\u00e9rience et notre connaissance du territoire, puisque nous sommes n\u00e9s \u00e0 l&rsquo;Elbe, nous saurons r\u00e9pondre \u00e0 toutes vos questions.<\/p>\n<p>Les passionn\u00e9s de plong\u00e9e sous-marine pourront faire la connaissance de Renzo, le chef de famille, trois fois de suite champion du monde de \u00ab\u00a0p\u00eache sous-marine\u00ab\u00a0, qui fournira avec plaisir des conseils sur les magnifiques fonds marins de l&rsquo;Elbe.\u00a0\u00bb font_container=\u00a0\u00bbtag:h2|font_size:18px|text_align:left|color:%23004564&Prime; google_fonts=\u00a0\u00bbfont_family:Cabin%3Aregular%2Citalic%2C500%2C500italic%2C600%2C600italic%2C700%2C700italic|font_style:400%20regular%3A400%3Anormal\u00a0\u00bb][vc_empty_space height=\u00a0\u00bb30px\u00a0\u00bb][\/vc_column_inner][vc_column_inner width=\u00a0\u00bb1\/2&Prime;]<div class=\"gallery-block-wrap  \"><div class=\"wpb_row vc_row-fluid gallery-block-container\"><div class=\"gallery-contents  margin-yes\"><div class=\"gallery-grid-sizer vc_col-sm-3\"><\/div><div class=\"element gallery-item vc_col-sm-6\"><div class=\"portfolio-container portfolio-gallery_style1\"><div class=\"portfolio-img\"><img decoding=\"async\" src=\"https:\/\/www.appartamentilorella.it\/wp-content\/uploads\/2019\/03\/1-570x670.jpg\" alt=\"\"><\/div><div class=\"portfolio-hover\"><div class=\"gallery-icons\"><div class=\"center-wrap\"><a href=\"https:\/\/www.appartamentilorella.it\/wp-content\/uploads\/2019\/03\/1-1920x1020.jpg\" class=\"port-icon-hover popup-gallery\" data-title=\"1\"><i class=\"pixicon-plus\"><\/i><\/a><\/div><\/div><\/div><\/div><\/div><div class=\"element gallery-item vc_col-sm-3\"><div class=\"portfolio-container portfolio-gallery_style1\"><div class=\"portfolio-img\"><img decoding=\"async\" src=\"https:\/\/www.appartamentilorella.it\/wp-content\/uploads\/2019\/03\/2-270x320.jpg\" alt=\"\"><\/div><div class=\"portfolio-hover\"><div class=\"gallery-icons\"><div class=\"center-wrap\"><a href=\"https:\/\/www.appartamentilorella.it\/wp-content\/uploads\/2019\/03\/2.jpg\" class=\"port-icon-hover popup-gallery\" data-title=\"2\"><i class=\"pixicon-plus\"><\/i><\/a><\/div><\/div><\/div><\/div><\/div><div class=\"element gallery-item vc_col-sm-3\"><div class=\"portfolio-container portfolio-gallery_style1\"><div class=\"portfolio-img\"><img decoding=\"async\" src=\"https:\/\/www.appartamentilorella.it\/wp-content\/uploads\/2019\/03\/3-270x320.jpg\" alt=\"\"><\/div><div class=\"portfolio-hover\"><div class=\"gallery-icons\"><div class=\"center-wrap\"><a href=\"https:\/\/www.appartamentilorella.it\/wp-content\/uploads\/2019\/03\/3.jpg\" class=\"port-icon-hover popup-gallery\" data-title=\"3\"><i class=\"pixicon-plus\"><\/i><\/a><\/div><\/div><\/div><\/div><\/div><div class=\"element gallery-item vc_col-sm-3\"><div class=\"portfolio-container portfolio-gallery_style1\"><div class=\"portfolio-img\"><img decoding=\"async\" src=\"https:\/\/www.appartamentilorella.it\/wp-content\/uploads\/2019\/03\/4-270x320.jpg\" alt=\"\"><\/div><div class=\"portfolio-hover\"><div class=\"gallery-icons\"><div class=\"center-wrap\"><a href=\"https:\/\/www.appartamentilorella.it\/wp-content\/uploads\/2019\/03\/4.jpg\" class=\"port-icon-hover popup-gallery\" data-title=\"4\"><i class=\"pixicon-plus\"><\/i><\/a><\/div><\/div><\/div><\/div><\/div><div class=\"element gallery-item vc_col-sm-3\"><div class=\"portfolio-container portfolio-gallery_style1\"><div class=\"portfolio-img\"><img decoding=\"async\" src=\"https:\/\/www.appartamentilorella.it\/wp-content\/uploads\/2019\/03\/5-270x320.jpg\" alt=\"\"><\/div><div class=\"portfolio-hover\"><div class=\"gallery-icons\"><div class=\"center-wrap\"><a href=\"https:\/\/www.appartamentilorella.it\/wp-content\/uploads\/2019\/03\/5.jpg\" class=\"port-icon-hover popup-gallery\" data-title=\"5\"><i class=\"pixicon-plus\"><\/i><\/a><\/div><\/div><\/div><\/div><\/div><div class=\"element gallery-item vc_col-sm-3\"><div class=\"portfolio-container portfolio-gallery_style1\"><div class=\"portfolio-img\"><img decoding=\"async\" src=\"https:\/\/www.appartamentilorella.it\/wp-content\/uploads\/2019\/03\/6-270x320.jpg\" alt=\"\"><\/div><div class=\"portfolio-hover\"><div class=\"gallery-icons\"><div class=\"center-wrap\"><a href=\"https:\/\/www.appartamentilorella.it\/wp-content\/uploads\/2019\/03\/6.jpg\" class=\"port-icon-hover popup-gallery\" data-title=\"6\"><i class=\"pixicon-plus\"><\/i><\/a><\/div><\/div><\/div><\/div><\/div><div class=\"element gallery-item vc_col-sm-3\"><div class=\"portfolio-container portfolio-gallery_style1\"><div class=\"portfolio-img\"><img decoding=\"async\" src=\"https:\/\/www.appartamentilorella.it\/wp-content\/uploads\/2019\/03\/7-270x320.jpg\" alt=\"\"><\/div><div class=\"portfolio-hover\"><div class=\"gallery-icons\"><div class=\"center-wrap\"><a href=\"https:\/\/www.appartamentilorella.it\/wp-content\/uploads\/2019\/03\/7.jpg\" class=\"port-icon-hover popup-gallery\" data-title=\"7\"><i class=\"pixicon-plus\"><\/i><\/a><\/div><\/div><\/div><\/div><\/div><div class=\"element gallery-item vc_col-sm-3\"><div class=\"portfolio-container portfolio-gallery_style1\"><div class=\"portfolio-img\"><img decoding=\"async\" src=\"https:\/\/www.appartamentilorella.it\/wp-content\/uploads\/2019\/03\/9-270x320.jpg\" alt=\"\"><\/div><div class=\"portfolio-hover\"><div class=\"gallery-icons\"><div class=\"center-wrap\"><a href=\"https:\/\/www.appartamentilorella.it\/wp-content\/uploads\/2019\/03\/9.jpg\" class=\"port-icon-hover popup-gallery\" data-title=\"9\"><i class=\"pixicon-plus\"><\/i><\/a><\/div><\/div><\/div><\/div><\/div><div class=\"element gallery-item vc_col-sm-3\"><div class=\"portfolio-container portfolio-gallery_style1\"><div class=\"portfolio-img\"><img decoding=\"async\" src=\"https:\/\/www.appartamentilorella.it\/wp-content\/uploads\/2019\/03\/10-270x320.jpg\" alt=\"\"><\/div><div class=\"portfolio-hover\"><div class=\"gallery-icons\"><div class=\"center-wrap\"><a href=\"https:\/\/www.appartamentilorella.it\/wp-content\/uploads\/2019\/03\/10.jpg\" class=\"port-icon-hover popup-gallery\" data-title=\"10\"><i class=\"pixicon-plus\"><\/i><\/a><\/div><\/div><\/div><\/div><\/div><\/div><\/div><\/div>[\/vc_column_inner][\/vc_row_inner][\/vc_column][\/vc_row]<\/p>\n<\/div>","protected":false},"excerpt":{"rendered":"<p>[vc_row full_width=\u00a0\u00bbstretch_row\u00a0\u00bb full_height=\u00a0\u00bbyes\u00a0\u00bb bg_type=\u00a0\u00bbimage\u00a0\u00bb parallax_style=\u00a0\u00bbvcpb-default\u00a0\u00bb bg_image_repeat=\u00a0\u00bbno-repeat\u00a0\u00bb bg_img_attach=\u00a0\u00bbfixed\u00a0\u00bb bg_override=\u00a0\u00bbbrowser_size\u00a0\u00bb parallax_content=\u00a0\u00bbparallax_content_value\u00a0\u00bb parallax_content_sense=\u00a0\u00bb70&Prime; fadeout_row=\u00a0\u00bbfadeout_row_value\u00a0\u00bb seperator_enable=\u00a0\u00bbseperator_enable_value\u00a0\u00bb seperator_type=\u00a0\u00bbxlarge_triangle_seperator\u00a0\u00bb seperator_position=\u00a0\u00bbbottom_seperator\u00a0\u00bb seperator_svg_height=\u00a0\u00bb100&Prime; seperator_shape_background=\u00a0\u00bb#ffffff\u00a0\u00bb css=\u00a0\u00bb.vc_custom_1550664052064{padding-top: 0px !important;padding-bottom: 0px !important;}\u00a0\u00bb][vc_column][rev_slider_vc alias=\u00a0\u00bbslide-home-fr\u00a0\u00bb][\/vc_column][\/vc_row][vc_row full_width=\u00a0\u00bbstretch_row\u00a0\u00bb full_height=\u00a0\u00bbyes\u00a0\u00bb bg_type=\u00a0\u00bbimage\u00a0\u00bb parallax_style=\u00a0\u00bbvcpb-default\u00a0\u00bb bg_image_new=\u00a0\u00bbid^11745|url^http:\/\/www.appartamentilorella.it\/wp-content\/uploads\/2019\/02\/golfo-lacona.jpg|caption^null|alt^null|title^golfo-lacona|description^null\u00a0\u00bb bg_image_repeat=\u00a0\u00bbno-repeat\u00a0\u00bb bg_override=\u00a0\u00bbex-full\u00a0\u00bb enable_overlay=\u00a0\u00bbenable_overlay_value\u00a0\u00bb overlay_color=\u00a0\u00bbrgba(255,255,255,0.81)\u00a0\u00bb overlay_pattern=\u00a0\u00bbtransperant\u00a0\u00bb el_id=\u00a0\u00bbnext\u00a0\u00bb css=\u00a0\u00bb.vc_custom_1549968302700{padding-top: 60px !important;padding-bottom: 100px !important;}\u00a0\u00bb][vc_column][vc_custom_heading text=\u00a0\u00bbLes appartements\u00a0\u00bb&#8230;<\/p>\n","protected":false},"author":1,"featured_media":0,"parent":0,"menu_order":0,"comment_status":"closed","ping_status":"closed","template":"","meta":{"footnotes":""},"class_list":["post-13012","page","type-page","status-publish","hentry"],"_links":{"self":[{"href":"https:\/\/www.appartamentilorella.it\/fr\/wp-json\/wp\/v2\/pages\/13012","targetHints":{"allow":["GET"]}}],"collection":[{"href":"https:\/\/www.appartamentilorella.it\/fr\/wp-json\/wp\/v2\/pages"}],"about":[{"href":"https:\/\/www.appartamentilorella.it\/fr\/wp-json\/wp\/v2\/types\/page"}],"author":[{"embeddable":true,"href":"https:\/\/www.appartamentilorella.it\/fr\/wp-json\/wp\/v2\/users\/1"}],"replies":[{"embeddable":true,"href":"https:\/\/www.appartamentilorella.it\/fr\/wp-json\/wp\/v2\/comments?post=13012"}],"version-history":[{"count":5,"href":"https:\/\/www.appartamentilorella.it\/fr\/wp-json\/wp\/v2\/pages\/13012\/revisions"}],"predecessor-version":[{"id":13150,"href":"https:\/\/www.appartamentilorella.it\/fr\/wp-json\/wp\/v2\/pages\/13012\/revisions\/13150"}],"wp:attachment":[{"href":"https:\/\/www.appartamentilorella.it\/fr\/wp-json\/wp\/v2\/media?parent=13012"}],"curies":[{"name":"wp","href":"https:\/\/api.w.org\/{rel}","templated":true}]}}