{"id":12999,"date":"2019-02-12T15:05:32","date_gmt":"2019-02-12T14:05:32","guid":{"rendered":"http:\/\/www.appartamentilorella.it\/servizi\/"},"modified":"2019-04-17T09:40:04","modified_gmt":"2019-04-17T07:40:04","slug":"services","status":"publish","type":"page","link":"https:\/\/www.appartamentilorella.it\/fr\/services\/","title":{"rendered":"Services"},"content":{"rendered":"<div class=\"wpb-content-wrapper\"><p>[vc_row css=\u00a0\u00bb.vc_custom_1553589584500{padding-bottom: 0px !important;}\u00a0\u00bb][vc_column]<div id=\"ultimate-heading-352869de1b7e5ceb9\" class=\"uvc-heading ult-adjust-bottom-margin ultimate-heading-352869de1b7e5ceb9 uvc-239 \" data-hspacer=\"no_spacer\"  data-halign=\"center\" style=\"text-align:center\"><div class=\"uvc-heading-spacer no_spacer\" style=\"top\"><\/div><div class=\"uvc-main-heading ult-responsive\"  data-ultimate-target='.uvc-heading.ultimate-heading-352869de1b7e5ceb9 h2'  data-responsive-json-new='{\"font-size\":\"\",\"line-height\":\"\"}' ><h2 style=\"font-weight:normal;margin-top:10px;margin-bottom:20px;\">Services propos\u00e9s<\/h2><\/div><\/div>[vc_column_text]<\/p>\n<ul style=\"list-style: none;\">\n<li><img loading=\"lazy\" decoding=\"async\" class=\"alignleft\" src=\"\/wp-content\/uploads\/2019\/03\/sunset.png\" width=\"30\" height=\"30\" align=\"absmiddle\" hspace=\"2\" \/> Grande plage de sable blanc de Lacona situ\u00e9e \u00e0 seulement 50 m\u00e8tres;<\/li>\n<li><img loading=\"lazy\" decoding=\"async\" class=\"alignleft\" src=\"\/wp-content\/uploads\/2019\/03\/air-conditioner.png\" width=\"30\" height=\"30\" align=\"absmiddle\" hspace=\"2\" \/> Appartements \u00e9quip\u00e9s en eau, lumi\u00e8re et gaz, climatisation (Il Carrubo, Il Melograno, monolocali Le Palme), Tv LED satellite (chaines \u00e9trang\u00e8res disponibles: Cnn, Nickelodeon, Ard, Rtl, Zdf);<\/li>\n<li><img loading=\"lazy\" decoding=\"async\" class=\"alignleft\" src=\"\/wp-content\/uploads\/2019\/03\/garage.png\" width=\"30\" height=\"30\" align=\"absmiddle\" hspace=\"2\" \/> Parking priv\u00e9 situ\u00e9 \u00e0 l&rsquo;ombre pour chaque appartement;<\/li>\n<li><img loading=\"lazy\" decoding=\"async\" class=\"alignleft\" src=\"\/wp-content\/uploads\/2019\/03\/bed.png\" width=\"30\" height=\"30\" align=\"absmiddle\" hspace=\"2\" \/> Changement des draps et des serviettes dans la salle de bain chaque semaine;<\/li>\n<li><img loading=\"lazy\" decoding=\"async\" class=\"alignleft\" src=\"\/wp-content\/uploads\/2019\/03\/grill.png\" width=\"30\" height=\"30\" align=\"absmiddle\" hspace=\"2\" \/> Zone \u201cd\u00e9tente\u201d \u00e0 disposition de tous les clients de la R\u00e9sidence: grand jardin avec herbe (1000 m2) \u00e0 disposition avec un espace \u201cGrill\u201d dot\u00e9 de 2 barbecue et d&rsquo;une pergola en bois pour manger dehors, zone \u201cSolarium\u201d avec plusieurs chaises-longues disponibles et un espace r\u00e9serv\u00e9 aux enfants avec un grand bac \u00e0 sable pour jouer;<\/li>\n<li><img loading=\"lazy\" decoding=\"async\" class=\"alignleft\" src=\"\/wp-content\/uploads\/2019\/03\/wifi.png\" width=\"30\" height=\"30\" align=\"absmiddle\" hspace=\"2\" \/> R\u00e9seau Wifi gratuit;<\/li>\n<li><img loading=\"lazy\" decoding=\"async\" class=\"alignleft\" src=\"\/wp-content\/uploads\/2019\/03\/bell.png\" width=\"30\" height=\"30\" align=\"absmiddle\" hspace=\"2\" \/> Pr\u00e9sence d&rsquo;une r\u00e9ception;<\/li>\n<li><img loading=\"lazy\" decoding=\"async\" class=\"alignleft\" src=\"\/wp-content\/uploads\/2019\/03\/washing-machine.png\" width=\"30\" height=\"30\" align=\"absmiddle\" hspace=\"2\" \/> Machines \u00e0 laver le linge \u00e0 jeton;<\/li>\n<li><img loading=\"lazy\" decoding=\"async\" class=\"alignleft\" src=\"\/wp-content\/uploads\/2019\/03\/bicycle.png\" width=\"30\" height=\"30\" align=\"absmiddle\" hspace=\"2\" \/> Usage gratuit de VTT;<\/li>\n<li><img loading=\"lazy\" decoding=\"async\" class=\"alignleft\" src=\"\/wp-content\/uploads\/2019\/03\/cleaning-1.png\" width=\"30\" height=\"30\" align=\"absmiddle\" hspace=\"2\" \/> M\u00e9nage final compris dans le prix;<\/li>\n<li><img loading=\"lazy\" decoding=\"async\" class=\"alignleft\" src=\"\/wp-content\/uploads\/2019\/03\/shower.png\" width=\"30\" height=\"30\" align=\"absmiddle\" hspace=\"2\" \/> Usage des douches chaudes ext\u00e9rieures;<\/li>\n<li><img loading=\"lazy\" decoding=\"async\" class=\"alignleft\" src=\"\/wp-content\/uploads\/2019\/03\/trekking.png\" width=\"30\" height=\"30\" align=\"absmiddle\" hspace=\"2\" \/> Organisation d&rsquo;excursions avec guide;<\/li>\n<li><img loading=\"lazy\" decoding=\"async\" class=\"alignleft\" src=\"\/wp-content\/uploads\/2019\/03\/credit-card.png\" width=\"30\" height=\"30\" align=\"absmiddle\" hspace=\"2\" \/> Possiblit\u00e9 de payer en liquide, par ch\u00e8que ou par carte de cr\u00e9dit;<\/li>\n<li><img loading=\"lazy\" decoding=\"async\" class=\"alignleft\" src=\"\/wp-content\/uploads\/2019\/03\/sunbed-1.png\" width=\"30\" height=\"30\" align=\"absmiddle\" hspace=\"2\" \/> Convention avec notre nouvelle aire \u00e9quip\u00e9e \u00ab\u00a0<a href=\"http:\/\/www.tortugaelba.com\">Tortuga Beach Club<\/a>\u00a0\u00bb sur la plage de Lacona, offrant la possibilit\u00e9 de louer des parasols, des lits de plage, des chaises longues, des cabines, et dot\u00e9e d\u2019un parking. Des r\u00e9ductions sp\u00e9ciales sont accord\u00e9es \u00e0 nos clients.<\/li>\n<\/ul>\n<p>[\/vc_column_text][\/vc_column][\/vc_row][vc_row css=\u00a0\u00bb.vc_custom_1553589605975{padding-top: 50px !important;padding-bottom: 80px !important;}\u00a0\u00bb][vc_column][vc_gallery type=\u00a0\u00bbnivo\u00a0\u00bb interval=\u00a0\u00bb3&Prime; images=\u00a0\u00bb11811,11812,11813,11814,11815&Prime; img_size=\u00a0\u00bbfull\u00a0\u00bb][\/vc_column][\/vc_row]<\/p>\n<\/div>","protected":false},"excerpt":{"rendered":"<p>[vc_row css=\u00a0\u00bb.vc_custom_1553589584500{padding-bottom: 0px !important;}\u00a0\u00bb][vc_column][vc_column_text] Grande plage de sable blanc de Lacona situ\u00e9e \u00e0 seulement 50 m\u00e8tres; Appartements \u00e9quip\u00e9s en eau, lumi\u00e8re et gaz, climatisation (Il Carrubo, Il Melograno, monolocali Le Palme), Tv LED satellite (chaines \u00e9trang\u00e8res disponibles: Cnn, Nickelodeon, Ard,&#8230;<\/p>\n","protected":false},"author":1,"featured_media":0,"parent":0,"menu_order":0,"comment_status":"closed","ping_status":"closed","template":"","meta":{"footnotes":""},"class_list":["post-12999","page","type-page","status-publish","hentry"],"_links":{"self":[{"href":"https:\/\/www.appartamentilorella.it\/fr\/wp-json\/wp\/v2\/pages\/12999","targetHints":{"allow":["GET"]}}],"collection":[{"href":"https:\/\/www.appartamentilorella.it\/fr\/wp-json\/wp\/v2\/pages"}],"about":[{"href":"https:\/\/www.appartamentilorella.it\/fr\/wp-json\/wp\/v2\/types\/page"}],"author":[{"embeddable":true,"href":"https:\/\/www.appartamentilorella.it\/fr\/wp-json\/wp\/v2\/users\/1"}],"replies":[{"embeddable":true,"href":"https:\/\/www.appartamentilorella.it\/fr\/wp-json\/wp\/v2\/comments?post=12999"}],"version-history":[{"count":5,"href":"https:\/\/www.appartamentilorella.it\/fr\/wp-json\/wp\/v2\/pages\/12999\/revisions"}],"predecessor-version":[{"id":13204,"href":"https:\/\/www.appartamentilorella.it\/fr\/wp-json\/wp\/v2\/pages\/12999\/revisions\/13204"}],"wp:attachment":[{"href":"https:\/\/www.appartamentilorella.it\/fr\/wp-json\/wp\/v2\/media?parent=12999"}],"curies":[{"name":"wp","href":"https:\/\/api.w.org\/{rel}","templated":true}]}}