{"id":12989,"date":"2019-02-15T10:24:30","date_gmt":"2019-02-15T09:24:30","guid":{"rendered":"http:\/\/www.appartamentilorella.it\/isola-delba\/"},"modified":"2019-04-16T16:02:48","modified_gmt":"2019-04-16T14:02:48","slug":"ile-delbe","status":"publish","type":"page","link":"https:\/\/www.appartamentilorella.it\/fr\/ile-delbe\/","title":{"rendered":"\u00cele d\u2019Elbe"},"content":{"rendered":"<div class=\"wpb-content-wrapper\"><p>[vc_row css=\u00a0\u00bb.vc_custom_1550674519575{padding-top: 70px !important;padding-bottom: 0px !important;}\u00a0\u00bb][vc_column][vc_column_text]<\/p>\n<h3>L\u2019\u00eele d\u2019Elbe est une des perles du parc national de l\u2019archipel toscan.<\/h3>\n<p>L\u2019Elbe mesure 27 km de long pour 18 de large et son p\u00e9rim\u00e8tre est de 147 km. On compte plus de 70 plages, toutes diff\u00e9rentes mais dont le point commun est sans aucun doute leur in\u00e9galable beaut\u00e9.<\/p>\n<p>L&rsquo;\u00eele offre aussi une grande vari\u00e9t\u00e9 de panoramas absolument uniques, en raison de la diversit\u00e9 de paysages qui la caract\u00e9rise: des plages mais aussi des paysages de montagne avec le mont Capanne et le mont Perone, dont les sommets permettent de jouir d&rsquo;une belle vue sur les \u00eeles de l&rsquo;archipel et de la Corse.<\/p>\n<p>Nombreux sont les sports qui peuvent \u00eatre pratiqu\u00e9s: natation, voile ou planche \u00e0 voile, VTT, \u00e9quitation, randonn\u00e9e, tennis, golf, parapente, p\u00eache sous-marine, aviron et bien d&rsquo;autres encore.[\/vc_column_text][\/vc_column][\/vc_row][vc_row content_placement=\u00a0\u00bbmiddle\u00a0\u00bb css=\u00a0\u00bb.vc_custom_1550674512452{padding-top: 50px !important;padding-bottom: 0px !important;}\u00a0\u00bb][vc_column]<div class=\"gallery-block-wrap  \"><div class=\"wpb_row vc_row-fluid gallery-block-container\"><div class=\"gallery-contents  margin-no\"><div class=\"gallery-grid-sizer vc_col-sm-3\"><\/div><div class=\"element gallery-item vc_col-sm-6\"><div class=\"portfolio-container portfolio-gallery_style1\"><div class=\"portfolio-img\"><img decoding=\"async\" src=\"https:\/\/www.appartamentilorella.it\/wp-content\/uploads\/2019\/02\/\u252c\u00aeR.Ridi6889-600x600.jpg\" alt=\"\"><\/div><div class=\"portfolio-hover\"><div class=\"gallery-icons\"><div class=\"center-wrap\"><a href=\"https:\/\/www.appartamentilorella.it\/wp-content\/uploads\/2019\/02\/\u252c\u00aeR.Ridi6889-1920x1020.jpg\" class=\"port-icon-hover popup-gallery\" data-title=\"\u252c\u00aeR.Ridi6889\"><i class=\"pixicon-plus\"><\/i><\/a><\/div><\/div><\/div><\/div><\/div><div class=\"element gallery-item vc_col-sm-3\"><div class=\"portfolio-container portfolio-gallery_style1\"><div class=\"portfolio-img\"><img decoding=\"async\" src=\"https:\/\/www.appartamentilorella.it\/wp-content\/uploads\/2019\/02\/\u252c\u00aeR.Ridi0127OD-300x300.jpg\" alt=\"\"><\/div><div class=\"portfolio-hover\"><div class=\"gallery-icons\"><div class=\"center-wrap\"><a href=\"https:\/\/www.appartamentilorella.it\/wp-content\/uploads\/2019\/02\/\u252c\u00aeR.Ridi0127OD-1920x1020.jpg\" class=\"port-icon-hover popup-gallery\" data-title=\"\u252c\u00aeR.Ridi0127OD\"><i class=\"pixicon-plus\"><\/i><\/a><\/div><\/div><\/div><\/div><\/div><div class=\"element gallery-item vc_col-sm-3\"><div class=\"portfolio-container portfolio-gallery_style1\"><div class=\"portfolio-img\"><img decoding=\"async\" src=\"https:\/\/www.appartamentilorella.it\/wp-content\/uploads\/2019\/02\/\u252c\u00aeR.Ridi0941OD-300x300.jpg\" alt=\"\"><\/div><div class=\"portfolio-hover\"><div class=\"gallery-icons\"><div class=\"center-wrap\"><a href=\"https:\/\/www.appartamentilorella.it\/wp-content\/uploads\/2019\/02\/\u252c\u00aeR.Ridi0941OD-1920x1020.jpg\" class=\"port-icon-hover popup-gallery\" data-title=\"\u252c\u00aeR.Ridi0941OD\"><i class=\"pixicon-plus\"><\/i><\/a><\/div><\/div><\/div><\/div><\/div><div class=\"element gallery-item vc_col-sm-3\"><div class=\"portfolio-container portfolio-gallery_style1\"><div class=\"portfolio-img\"><img decoding=\"async\" src=\"https:\/\/www.appartamentilorella.it\/wp-content\/uploads\/2019\/02\/\u252c\u00aeR.Ridi5180MA-300x300.jpg\" alt=\"\"><\/div><div class=\"portfolio-hover\"><div class=\"gallery-icons\"><div class=\"center-wrap\"><a href=\"https:\/\/www.appartamentilorella.it\/wp-content\/uploads\/2019\/02\/\u252c\u00aeR.Ridi5180MA-1920x1020.jpg\" class=\"port-icon-hover popup-gallery\" data-title=\"\u252c\u00aeR.Ridi5180MA\"><i class=\"pixicon-plus\"><\/i><\/a><\/div><\/div><\/div><\/div><\/div><div class=\"element gallery-item vc_col-sm-3\"><div class=\"portfolio-container portfolio-gallery_style1\"><div class=\"portfolio-img\"><img decoding=\"async\" src=\"https:\/\/www.appartamentilorella.it\/wp-content\/uploads\/2019\/02\/\u252c\u00aeR.Ridi1424OD-300x300.jpg\" alt=\"\"><\/div><div class=\"portfolio-hover\"><div class=\"gallery-icons\"><div class=\"center-wrap\"><a href=\"https:\/\/www.appartamentilorella.it\/wp-content\/uploads\/2019\/02\/\u252c\u00aeR.Ridi1424OD-1920x1020.jpg\" class=\"port-icon-hover popup-gallery\" data-title=\"\u252c\u00aeR.Ridi1424OD\"><i class=\"pixicon-plus\"><\/i><\/a><\/div><\/div><\/div><\/div><\/div><\/div><\/div><\/div>[\/vc_column][\/vc_row][vc_row css=\u00a0\u00bb.vc_custom_1550238122675{padding-top: 50px !important;padding-bottom: 0px !important;}\u00a0\u00bb][vc_column][vc_column_text]Et bien s\u00fbr impossible de manquer une visite aux r\u00e9sidences de Napol\u00e9on, aux anciennes mines de fer ainsi qu&rsquo;aux nombreux centres historiques du territoire o\u00f9 vous pourrez faire les magasins ou vous rafra\u00eechir aux terrasses des caf\u00e9s; les pubs, bars et discoth\u00e8ques accueilleront les noctambules avides de nouvelles \u00e9motions.[\/vc_column_text][\/vc_column][\/vc_row][vc_row css=\u00a0\u00bb.vc_custom_1550238122675{padding-top: 50px !important;padding-bottom: 0px !important;}\u00a0\u00bb][vc_column][vc_gmaps link=\u00a0\u00bb#E-8_JTNDaWZyYW1lJTIwc3JjJTNEJTIyaHR0cHMlM0ElMkYlMkZ3d3cuZ29vZ2xlLmNvbSUyRm1hcHMlMkZlbWJlZCUzRnBiJTNEJTIxMW0xNCUyMTFtMTIlMjExbTMlMjExZDkzNzAzLjA2Mjk1MjMyNyUyMTJkMTAuMjgzMjY4Mzc3Mjc5OTc2JTIxM2Q0Mi43ODM2ODM2MTg5MTg5MTQlMjEybTMlMjExZjAlMjEyZjAlMjEzZjAlMjEzbTIlMjExaTEwMjQlMjEyaTc2OCUyMTRmMTMuMSUyMTVlMCUyMTNtMiUyMTFzaXQlMjEyc2l0JTIxNHYxNTU1NDIyOTc0Mzc2JTIxNW0yJTIxMXNpdCUyMTJzaXQlMjIlMjB3aWR0aCUzRCUyMjYwMCUyMiUyMGhlaWdodCUzRCUyMjQ1MCUyMiUyMGZyYW1lYm9yZGVyJTNEJTIyMCUyMiUyMHN0eWxlJTNEJTIyYm9yZGVyJTNBMCUyMiUyMGFsbG93ZnVsbHNjcmVlbiUzRSUzQyUyRmlmcmFtZSUzRQ==\u00a0\u00bb][\/vc_column][\/vc_row][vc_row content_placement=\u00a0\u00bbmiddle\u00a0\u00bb css=\u00a0\u00bb.vc_custom_1550674512452{padding-top: 50px !important;padding-bottom: 0px !important;}\u00a0\u00bb][vc_column][vc_gallery type=\u00a0\u00bbimage_grid\u00a0\u00bb images=\u00a0\u00bb12001,12002,12003,12004&Prime; img_size=\u00a0\u00bblarge\u00a0\u00bb grid_columns=\u00a0\u00bbgrid-col grid-col2&Prime;][\/vc_column][\/vc_row][vc_row css=\u00a0\u00bb.vc_custom_1550238122675{padding-top: 50px !important;padding-bottom: 0px !important;}\u00a0\u00bb][vc_column][vc_column_text]Ainsi l&rsquo;\u00eele d&rsquo;Elbe, gr\u00e2ce \u00e0 la diversit\u00e9 des services et des paysages qu&rsquo;elle offre, repr\u00e9sente le lieu id\u00e9al pour passer des vacances originales, pour vous d\u00e9tendre mais aussi vous amuser, en fonction de vos exigences.[\/vc_column_text][\/vc_column][\/vc_row][vc_row content_placement=\u00a0\u00bbmiddle\u00a0\u00bb css=\u00a0\u00bb.vc_custom_1551712892554{padding-top: 50px !important;padding-bottom: 50px !important;}\u00a0\u00bb][vc_column][vc_gallery type=\u00a0\u00bbimage_grid\u00a0\u00bb images=\u00a0\u00bb11879,11883,11882,11885&Prime; img_size=\u00a0\u00bblarge\u00a0\u00bb grid_columns=\u00a0\u00bbgrid-col grid-col2&Prime;][\/vc_column][\/vc_row][vc_row full_width=\u00a0\u00bbstretch_row_content_no_spaces\u00a0\u00bb content_placement=\u00a0\u00bbmiddle\u00a0\u00bb bg_type=\u00a0\u00bbimage\u00a0\u00bb parallax_style=\u00a0\u00bbvcpb-default\u00a0\u00bb bg_image_new=\u00a0\u00bbid^11883|url^http:\/\/www.appartamentilorella.it\/wp-content\/uploads\/2019\/02\/\u252c\u00aeR.Ridi7584MDC.jpg|caption^null|alt^null|title^\u252c\u00aeR.Ridi7584MDC|description^null\u00a0\u00bb bg_image_repeat=\u00a0\u00bbno-repeat\u00a0\u00bb bg_img_attach=\u00a0\u00bbfixed\u00a0\u00bb offset=\u00a0\u00bbvc_hidden-lg vc_hidden-md vc_hidden-sm vc_hidden-xs\u00a0\u00bb][vc_column css=\u00a0\u00bb.vc_custom_1550674893051{padding-top: 200px !important;padding-bottom: 200px !important;}\u00a0\u00bb offset=\u00a0\u00bbvc_hidden-lg vc_hidden-md vc_hidden-sm vc_hidden-xs\u00a0\u00bb][\/vc_column][\/vc_row]<\/p>\n<\/div>","protected":false},"excerpt":{"rendered":"<p>[vc_row css=\u00a0\u00bb.vc_custom_1550674519575{padding-top: 70px !important;padding-bottom: 0px !important;}\u00a0\u00bb][vc_column][vc_column_text] L\u2019\u00eele d\u2019Elbe est une des perles du parc national de l\u2019archipel toscan. L\u2019Elbe mesure 27 km de long pour 18 de large et son p\u00e9rim\u00e8tre est de 147 km. On compte plus de 70&#8230;<\/p>\n","protected":false},"author":1,"featured_media":0,"parent":0,"menu_order":0,"comment_status":"closed","ping_status":"closed","template":"","meta":{"footnotes":""},"class_list":["post-12989","page","type-page","status-publish","hentry"],"_links":{"self":[{"href":"https:\/\/www.appartamentilorella.it\/fr\/wp-json\/wp\/v2\/pages\/12989","targetHints":{"allow":["GET"]}}],"collection":[{"href":"https:\/\/www.appartamentilorella.it\/fr\/wp-json\/wp\/v2\/pages"}],"about":[{"href":"https:\/\/www.appartamentilorella.it\/fr\/wp-json\/wp\/v2\/types\/page"}],"author":[{"embeddable":true,"href":"https:\/\/www.appartamentilorella.it\/fr\/wp-json\/wp\/v2\/users\/1"}],"replies":[{"embeddable":true,"href":"https:\/\/www.appartamentilorella.it\/fr\/wp-json\/wp\/v2\/comments?post=12989"}],"version-history":[{"count":5,"href":"https:\/\/www.appartamentilorella.it\/fr\/wp-json\/wp\/v2\/pages\/12989\/revisions"}],"predecessor-version":[{"id":13191,"href":"https:\/\/www.appartamentilorella.it\/fr\/wp-json\/wp\/v2\/pages\/12989\/revisions\/13191"}],"wp:attachment":[{"href":"https:\/\/www.appartamentilorella.it\/fr\/wp-json\/wp\/v2\/media?parent=12989"}],"curies":[{"name":"wp","href":"https:\/\/api.w.org\/{rel}","templated":true}]}}