{"id":12983,"date":"2019-02-15T10:24:11","date_gmt":"2019-02-15T09:24:11","guid":{"rendered":"http:\/\/www.appartamentilorella.it\/dove-siamo\/"},"modified":"2019-05-09T12:26:37","modified_gmt":"2019-05-09T10:26:37","slug":"nous-trouver","status":"publish","type":"page","link":"https:\/\/www.appartamentilorella.it\/fr\/nous-trouver\/","title":{"rendered":"Nous trouver"},"content":{"rendered":"<div class=\"wpb-content-wrapper\"><p>[vc_row full_width=\u00a0\u00bbstretch_row_content_no_spaces\u00a0\u00bb css=\u00a0\u00bb.vc_custom_1550225729606{margin-top: 0px !important;margin-bottom: 0px !important;border-top-width: 0px !important;border-bottom-width: 0px !important;padding-top: 0px !important;padding-bottom: 0px !important;}\u00a0\u00bb][vc_column width=\u00a0\u00bb1\/2&Prime; css=\u00a0\u00bb.vc_custom_1550224449001{margin-top: 0px !important;margin-bottom: 0px !important;border-top-width: 0px !important;border-bottom-width: 0px !important;padding-top: 7% !important;padding-right: 7% !important;padding-bottom: 7% !important;padding-left: 7% !important;}\u00a0\u00bb]<div id=\"ultimate-heading-632469efb6c6f3383\" class=\"uvc-heading ult-adjust-bottom-margin ultimate-heading-632469efb6c6f3383 uvc-7472 \" data-hspacer=\"no_spacer\"  data-halign=\"center\" style=\"text-align:center\"><div class=\"uvc-heading-spacer no_spacer\" style=\"top\"><\/div><div class=\"uvc-main-heading ult-responsive\"  data-ultimate-target='.uvc-heading.ultimate-heading-632469efb6c6f3383 h2'  data-responsive-json-new='{\"font-size\":\"\",\"line-height\":\"\"}' ><h2 style=\"font-weight:normal;\">Lacona<\/h2><\/div><\/div>[vc_empty_space][vc_column_text]Lacona est une petite localit\u00e9 situ\u00e9e sur la c\u00f4te sud de l&rsquo;\u00eele d&rsquo;Elbe, dans le golfe qui porte le m\u00eame nom. Au beau milieu du maquis m\u00e9diterran\u00e9en, Lacona vous garantit un moment unique et inoubliable, avec tout le confort et les services indispensables pour passer des vancances bien m\u00e9rit\u00e9es: vous trouverez ainsi des bars, restaurants, des pizzerias, une banque, pharmacie, un loueur de voitures-motos-VTT, un marchand de journaux, un bureau de tabac, un parc avec jeux et bien d&rsquo;autres encore&#8230;<\/p>\n<p>Pour ceux qui souhaitent varier leurs soir\u00e9es, Lacona se trouve \u00e0 seulement quelques minutes en voiture des principales villes de l&rsquo;Elbe (Portoferraio 8 km, Capoliveri 12 km, Porto Azzurro 10 km, Marina di Campo 10 km).[\/vc_column_text][\/vc_column][vc_column width=\u00a0\u00bb1\/2&Prime; css=\u00a0\u00bb.vc_custom_1550224439451{margin-top: 0px !important;margin-bottom: 0px !important;border-top-width: 0px !important;border-bottom-width: 0px !important;padding-top: 0px !important;padding-bottom: 0px !important;}\u00a0\u00bb]<div class=\"composer-primary-slider arrow-style-2\" data-items=\"1\" data-loop=\"true\" data-autoplay=\"true\" data-autoplay-timeout=\"5000\" data-nav=\"true\" data-autoplay_hover_pause=\"true\" data-dots=\"false\" data-animate-in=\"false\" data-animate-out=\"false\" data-touch-drag=\"true\" data-mouse-drag=\"true\"><div class=\"slider-content align-center  vc_custom_1555425103089\"><div class=\"slider-wrap\"><div class=\"slider-wrap-inner\"><h2 class=\"slide-title\"><\/h2><p class=\"slide-content\"><\/p><\/div><\/div><\/div><div class=\"slider-content align-center  vc_custom_1555425118237\"><div class=\"slider-wrap\"><div class=\"slider-wrap-inner\"><h2 class=\"slide-title\"><\/h2><p class=\"slide-content\"><\/p><\/div><\/div><\/div><div class=\"slider-content align-center  vc_custom_1557397646807\"><div class=\"slider-wrap\"><div class=\"slider-wrap-inner\"><h2 class=\"slide-title\"><\/h2><p class=\"slide-content\"><\/p><\/div><\/div><\/div><\/div>[\/vc_column][\/vc_row][vc_row full_width=\u00a0\u00bbstretch_row_content_no_spaces\u00a0\u00bb css=\u00a0\u00bb.vc_custom_1550225729606{margin-top: 0px !important;margin-bottom: 0px !important;border-top-width: 0px !important;border-bottom-width: 0px !important;padding-top: 0px !important;padding-bottom: 0px !important;}\u00a0\u00bb][vc_column width=\u00a0\u00bb1\/2&Prime; css=\u00a0\u00bb.vc_custom_1550227683909{margin-top: 0px !important;margin-bottom: 0px !important;border-top-width: 0px !important;border-bottom-width: 0px !important;padding-top: 0px !important;padding-right: 0px !important;padding-bottom: 0px !important;padding-left: 0px !important;}\u00a0\u00bb]<div class=\"composer-primary-slider arrow-style-2\" data-items=\"1\" data-loop=\"true\" data-autoplay=\"true\" data-autoplay-timeout=\"5000\" data-nav=\"true\" data-autoplay_hover_pause=\"true\" data-dots=\"false\" data-animate-in=\"false\" data-animate-out=\"false\" data-touch-drag=\"true\" data-mouse-drag=\"true\"><div class=\"slider-content align-center  vc_custom_1555425141654\"><div class=\"slider-wrap\"><div class=\"slider-wrap-inner\"><h2 class=\"slide-title\"><\/h2><p class=\"slide-content\"><\/p><\/div><\/div><\/div><div class=\"slider-content align-center  vc_custom_1555425145647\"><div class=\"slider-wrap\"><div class=\"slider-wrap-inner\"><h2 class=\"slide-title\"><\/h2><p class=\"slide-content\"><\/p><\/div><\/div><\/div><div class=\"slider-content align-center  vc_custom_1555425164382\"><div class=\"slider-wrap\"><div class=\"slider-wrap-inner\"><h2 class=\"slide-title\"><\/h2><p class=\"slide-content\"><\/p><\/div><\/div><\/div><\/div>[\/vc_column][vc_column width=\u00a0\u00bb1\/2&Prime; css=\u00a0\u00bb.vc_custom_1550227700601{margin-top: 0px !important;margin-bottom: 0px !important;border-top-width: 0px !important;border-bottom-width: 0px !important;padding-top: 7% !important;padding-right: 7% !important;padding-bottom: 7% !important;padding-left: 7% !important;}\u00a0\u00bb]<div id=\"ultimate-heading-656569efb6c6f39c2\" class=\"uvc-heading ult-adjust-bottom-margin ultimate-heading-656569efb6c6f39c2 uvc-4434 \" data-hspacer=\"no_spacer\"  data-halign=\"center\" style=\"text-align:center\"><div class=\"uvc-heading-spacer no_spacer\" style=\"top\"><\/div><div class=\"uvc-main-heading ult-responsive\"  data-ultimate-target='.uvc-heading.ultimate-heading-656569efb6c6f39c2 h2'  data-responsive-json-new='{\"font-size\":\"\",\"line-height\":\"\"}' ><h2 style=\"font-weight:normal;\">Les plages \u00e0 Lacona<\/h2><\/div><\/div>[vc_empty_space][vc_column_text]<strong>Lacona<\/strong>: (1200 m de long.) Il s&rsquo;agit d&rsquo;une des plages les plus rech\u00e9rch\u00e9es de toute l&rsquo;\u00eele. Elle est libre d&rsquo;acc\u00e8s, au milieu d&rsquo;un espace naturel, et se compose de sable blanc tr\u00e8s fin qui s&rsquo;\u00e9tend devant une eau peu profonde, id\u00e9ale pour les enfants. La plage dispose de nombreux services : bar, restaurants, pizzerias, location de parasols et de chaises-longues, location de bateaux, de zodiacs et de p\u00e9dalos, terrain de beach volley, \u00e9cole de voile et de plong\u00e9e et bien d&rsquo;autres encore.<\/p>\n<p><strong>Laconella<\/strong>: (150 m de long.) Petite plage de sable, particuli\u00e8rement appr\u00e9ci\u00e9e pour sa position \u00e0 l&rsquo;abri du vent. L&rsquo;eau y est tr\u00e8s basse et peu froide.<\/p>\n<p><strong>Margidore<\/strong>: (350 m de long.) Plage de graviers \u00e0 l&rsquo;entr\u00e9e de la p\u00e9ninsule de Capo Stella avec son petit port homonyme, bien prot\u00e9g\u00e9e pour les bateaux de petite et moyenne taille, l&rsquo;id\u00e9al pour ceux qui cherchent un coin tranquille m\u00eame en \u00e9t\u00e9.[\/vc_column_text][\/vc_column][\/vc_row][vc_row full_width=\u00a0\u00bbstretch_row_content_no_spaces\u00a0\u00bb equal_height=\u00a0\u00bbyes\u00a0\u00bb css=\u00a0\u00bb.vc_custom_1551708623522{margin-top: 0px !important;margin-bottom: 0px !important;border-top-width: 0px !important;border-bottom-width: 0px !important;padding-top: 0px !important;padding-bottom: 0px !important;}\u00a0\u00bb][vc_column width=\u00a0\u00bb1\/2&Prime; css=\u00a0\u00bb.vc_custom_1550224449001{margin-top: 0px !important;margin-bottom: 0px !important;border-top-width: 0px !important;border-bottom-width: 0px !important;padding-top: 7% !important;padding-right: 7% !important;padding-bottom: 7% !important;padding-left: 7% !important;}\u00a0\u00bb]<div id=\"ultimate-heading-159769efb6c6f3a3d\" class=\"uvc-heading ult-adjust-bottom-margin ultimate-heading-159769efb6c6f3a3d uvc-3303 \" data-hspacer=\"no_spacer\"  data-halign=\"center\" style=\"text-align:center\"><div class=\"uvc-heading-spacer no_spacer\" style=\"top\"><\/div><div class=\"uvc-main-heading ult-responsive\"  data-ultimate-target='.uvc-heading.ultimate-heading-159769efb6c6f3a3d h2'  data-responsive-json-new='{\"font-size\":\"\",\"line-height\":\"\"}' ><h2 style=\"font-weight:normal;\">Les sentiers<\/h2><\/div><\/div>[vc_empty_space][vc_column_text]La localit\u00e9 de Lacona, plong\u00e9e dans un magnifique paysage verdoyant, est le lieu id\u00e9al pour alterner les plaisirs de la plage aux activit\u00e9s de plein air, des promenades relaxantes aux parcours en VTT riches d\u2019\u00e9motions.<\/p>\n<p>Avec ses 17 sentiers, ses 50 km de promenades et des panoramas \u00e0 en couper le souffle, le Lacona Trekking Park offre la possibilit\u00e9 d\u2019appr\u00e9cier au mieux toute la beaut\u00e9 et la diversit\u00e9 de la nature de l\u2019\u00cele d\u2019Elbe. Des kilom\u00e8tres de parcours et une myriade d\u2019\u00e9motions \u00e0 la d\u00e9couverte d\u2019un lieu fantastique.<\/p>\n<p>Les sentiers sont indiqu\u00e9s \u00e0 l\u2019aide de fl\u00e8ches en bois sur lesquelles figurent un num\u00e9ro et une couleur identifiant la zone. Pour plus de d\u00e9tails, il vous est possible de vous procurer la carte des parcours aupr\u00e8s de notre r\u00e9ception.\u00a0 Nous sommes \u00e9galement \u00e0 votre enti\u00e8re disposition pour vous fournir toutes les indications dont vous aurez besoin.[\/vc_column_text][\/vc_column][vc_column width=\u00a0\u00bb1\/2&Prime; css=\u00a0\u00bb.vc_custom_1551708566957{margin-top: 0px !important;margin-bottom: 0px !important;border-top-width: 0px !important;border-bottom-width: 0px !important;padding-top: 0px !important;padding-bottom: 0px !important;background-position: center !important;background-repeat: no-repeat !important;background-size: cover !important;}\u00a0\u00bb][vc_single_image image=\u00a0\u00bb11978&Prime; img_size=\u00a0\u00bbfull\u00a0\u00bb alignment=\u00a0\u00bbcenter\u00a0\u00bb css=\u00a0\u00bb.vc_custom_1551708681715{margin-top: 0px !important;margin-right: 0px !important;margin-bottom: 0px !important;margin-left: 0px !important;border-top-width: 0px !important;border-right-width: 0px !important;border-bottom-width: 0px !important;border-left-width: 0px !important;padding-top: 0px !important;padding-right: 0px !important;padding-bottom: 0px !important;padding-left: 0px !important;}\u00a0\u00bb][\/vc_column][\/vc_row][vc_row full_width=\u00a0\u00bbstretch_row_content_no_spaces\u00a0\u00bb css=\u00a0\u00bb.vc_custom_1550227926834{margin-top: 0px !important;margin-bottom: 0px !important;border-top-width: 0px !important;border-bottom-width: 0px !important;padding-top: 0px !important;padding-bottom: 0px !important;}\u00a0\u00bb][vc_column css=\u00a0\u00bb.vc_custom_1550227935970{margin-top: 0px !important;margin-bottom: 0px !important;border-top-width: 0px !important;border-bottom-width: 0px !important;padding-top: 0px !important;padding-bottom: 0px !important;}\u00a0\u00bb][vc_masonry_media_grid element_width=\u00a0\u00bb3&Prime; gap=\u00a0\u00bb0&Prime; item=\u00a0\u00bbmediaGrid_Default\u00a0\u00bb grid_id=\u00a0\u00bbvc_gid:1557397634857-a9702cfd-7303-0&Prime; include=\u00a0\u00bb11856,11854,11938,11855&Prime; css=\u00a0\u00bb.vc_custom_1550672500505{margin-top: 0px !important;margin-bottom: 0px !important;border-top-width: 0px !important;border-bottom-width: 0px !important;padding-top: 0px !important;padding-bottom: 0px !important;}\u00a0\u00bb][\/vc_column][\/vc_row]<\/p>\n<\/div>","protected":false},"excerpt":{"rendered":"<p>[vc_row full_width=\u00a0\u00bbstretch_row_content_no_spaces\u00a0\u00bb css=\u00a0\u00bb.vc_custom_1550225729606{margin-top: 0px !important;margin-bottom: 0px !important;border-top-width: 0px !important;border-bottom-width: 0px !important;padding-top: 0px !important;padding-bottom: 0px !important;}\u00a0\u00bb][vc_column width=\u00a0\u00bb1\/2&Prime; css=\u00a0\u00bb.vc_custom_1550224449001{margin-top: 0px !important;margin-bottom: 0px !important;border-top-width: 0px !important;border-bottom-width: 0px !important;padding-top: 7% !important;padding-right: 7% !important;padding-bottom: 7% !important;padding-left: 7% !important;}\u00a0\u00bb][vc_empty_space][vc_column_text]Lacona est une petite localit\u00e9 situ\u00e9e sur la&#8230;<\/p>\n","protected":false},"author":1,"featured_media":0,"parent":0,"menu_order":0,"comment_status":"closed","ping_status":"closed","template":"","meta":{"footnotes":""},"class_list":["post-12983","page","type-page","status-publish","hentry"],"_links":{"self":[{"href":"https:\/\/www.appartamentilorella.it\/fr\/wp-json\/wp\/v2\/pages\/12983","targetHints":{"allow":["GET"]}}],"collection":[{"href":"https:\/\/www.appartamentilorella.it\/fr\/wp-json\/wp\/v2\/pages"}],"about":[{"href":"https:\/\/www.appartamentilorella.it\/fr\/wp-json\/wp\/v2\/types\/page"}],"author":[{"embeddable":true,"href":"https:\/\/www.appartamentilorella.it\/fr\/wp-json\/wp\/v2\/users\/1"}],"replies":[{"embeddable":true,"href":"https:\/\/www.appartamentilorella.it\/fr\/wp-json\/wp\/v2\/comments?post=12983"}],"version-history":[{"count":5,"href":"https:\/\/www.appartamentilorella.it\/fr\/wp-json\/wp\/v2\/pages\/12983\/revisions"}],"predecessor-version":[{"id":13229,"href":"https:\/\/www.appartamentilorella.it\/fr\/wp-json\/wp\/v2\/pages\/12983\/revisions\/13229"}],"wp:attachment":[{"href":"https:\/\/www.appartamentilorella.it\/fr\/wp-json\/wp\/v2\/media?parent=12983"}],"curies":[{"name":"wp","href":"https:\/\/api.w.org\/{rel}","templated":true}]}}