{"id":12970,"date":"2019-02-15T10:24:48","date_gmt":"2019-02-15T09:24:48","guid":{"rendered":"http:\/\/www.appartamentilorella.it\/come-arrivare\/"},"modified":"2019-04-10T14:09:50","modified_gmt":"2019-04-10T12:09:50","slug":"comment-arriver","status":"publish","type":"page","link":"https:\/\/www.appartamentilorella.it\/fr\/comment-arriver\/","title":{"rendered":"Comment arriver"},"content":{"rendered":"<div class=\"wpb-content-wrapper\"><p>[vc_row full_width=\u00a0\u00bbstretch_row_content_no_spaces\u00a0\u00bb css=\u00a0\u00bb.vc_custom_1550231393295{margin-top: 0px !important;margin-bottom: 0px !important;border-top-width: 0px !important;border-bottom-width: 0px !important;padding-top: 0px !important;padding-bottom: 0px !important;}\u00a0\u00bb][vc_column width=\u00a0\u00bb1\/2&Prime; css=\u00a0\u00bb.vc_custom_1550231539465{padding-top: 7% !important;padding-right: 7% !important;padding-bottom: 7% !important;padding-left: 7% !important;}\u00a0\u00bb]<div id=\"ultimate-heading-891169def6f917cc9\" class=\"uvc-heading ult-adjust-bottom-margin ultimate-heading-891169def6f917cc9 uvc-5402 \" data-hspacer=\"no_spacer\"  data-halign=\"center\" style=\"text-align:center\"><div class=\"uvc-heading-spacer no_spacer\" style=\"top\"><\/div><div class=\"uvc-main-heading ult-responsive\"  data-ultimate-target='.uvc-heading.ultimate-heading-891169def6f917cc9 h2'  data-responsive-json-new='{\"font-size\":\"\",\"line-height\":\"\"}' ><h2 style=\"font-weight:normal;\">Indications pour se rendre aux Appartements Lorella<\/h2><\/div><\/div>[vc_empty_space][vc_column_text]<strong>Depuis Portoferraio<\/strong><\/p>\n<p>Lacona est accessible en voiture en un peu plus de 10 minutes. Direction Capoliveri- Porto Azzurro ; \u00e0 la sortie de Portoferraio vous trouvez un carrefour avec un feu, tournez \u00e0 droite et suivez les indications pour Lacona. Une fois arriv\u00e9s \u00e0 Lacona suivez les indications pour Marina di Campo, prenez la grande avenue de Lacona (Viale dei Golfi). Au bout de l&rsquo;avenue, avant la mont\u00e9e qui conduit \u00e0 Marina di Campo, vous trouvez sur la gauche l&rsquo;enseigne R\u00e9sidence Lorella. Nous somme situ\u00e9s pr\u00e8s des campings Valle Santa Maria et Tallinucci.<\/p>\n<p><strong>Depuis Rio Marina<\/strong><\/p>\n<p>Le trajet dure environ 30 minutes lorsque l&rsquo;on vient de Rio Marina. Direction Porto Azzurro \u2013 suivre ensuite les indications pour Portoferraio. A 7 km de Porto Azzurro vous trouvez un carrefour, tournez \u00e0 gauche direction Lacona, vous quittez ainsi la route principale. Apr\u00e8s 5 km, vous arrivez \u00e0 Lacona, continuez vers Marina di Campo, prenez la grande avenue de Lacona (Viale dei Golfi). Au bout de l&rsquo;avenue, vous apercevez sur la gauche l&rsquo;enseigne R\u00e9sidence Lorella. Nous somme situ\u00e9s pr\u00e8s des campings Valle Santa Maria et Tallinucci.[\/vc_column_text]<div class=\" ubtn-ctn-center \"><a class=\"ubtn-link ult-adjust-bottom-margin ubtn-center ubtn-large \" href=\"\/fr\/ferry\/\" title=\"Ferry\" ><button type=\"button\" id=\"ubtn-7413\"  class=\"ubtn ult-adjust-bottom-margin ult-responsive ubtn-large ubtn-no-hover-bg  none  ubtn-sep-icon ubtn-sep-icon-top-push  ubtn-center   tooltip-69def6f917d43\"  data-hover=\"\" data-border-color=\"\" data-bg=\"#1e73be\" data-hover-bg=\"\" data-border-hover=\"\" data-shadow-hover=\"\" data-shadow-click=\"none\" data-shadow=\"\" data-shd-shadow=\"\"  data-ultimate-target='#ubtn-7413'  data-responsive-json-new='{\"font-size\":\"\",\"line-height\":\"\"}'  style=\"font-weight:normal;border:none;background: #1e73be;color: #ffffff;\"><span class=\"ubtn-data ubtn-icon\"><i class=\"Defaults-ship\" style=\"font-size:30px;color:;\"><\/i><\/span><span class=\"ubtn-hover\" style=\"background-color:\"><\/span><span class=\"ubtn-data ubtn-text \" >R\u00c9SERVATION FERRY POUR SE RENDRE \u00c0 L&#039;\u00ceLE D&#039;ELBE<\/span><\/button><\/a><\/div>[\/vc_column][vc_column width=\u00a0\u00bb1\/2&Prime; css=\u00a0\u00bb.vc_custom_1550231386962{margin-top: 0px !important;margin-bottom: 0px !important;border-top-width: 0px !important;border-bottom-width: 0px !important;padding-top: 0px !important;padding-bottom: 0px !important;}\u00a0\u00bb][vc_single_image image=\u00a0\u00bb11869&Prime; img_size=\u00a0\u00bbfull\u00a0\u00bb css=\u00a0\u00bb.vc_custom_1550231692741{margin-top: 0px !important;margin-bottom: 0px !important;border-top-width: 0px !important;border-bottom-width: 0px !important;padding-top: 0px !important;padding-bottom: 0px !important;}\u00a0\u00bb][\/vc_column][\/vc_row]<\/p>\n<\/div>","protected":false},"excerpt":{"rendered":"<p>[vc_row full_width=\u00a0\u00bbstretch_row_content_no_spaces\u00a0\u00bb css=\u00a0\u00bb.vc_custom_1550231393295{margin-top: 0px !important;margin-bottom: 0px !important;border-top-width: 0px !important;border-bottom-width: 0px !important;padding-top: 0px !important;padding-bottom: 0px !important;}\u00a0\u00bb][vc_column width=\u00a0\u00bb1\/2&Prime; css=\u00a0\u00bb.vc_custom_1550231539465{padding-top: 7% !important;padding-right: 7% !important;padding-bottom: 7% !important;padding-left: 7% !important;}\u00a0\u00bb][vc_empty_space][vc_column_text]Depuis Portoferraio Lacona est accessible en voiture en un peu plus de 10 minutes. Direction Capoliveri-&#8230;<\/p>\n","protected":false},"author":1,"featured_media":0,"parent":0,"menu_order":0,"comment_status":"closed","ping_status":"closed","template":"","meta":{"footnotes":""},"class_list":["post-12970","page","type-page","status-publish","hentry"],"_links":{"self":[{"href":"https:\/\/www.appartamentilorella.it\/fr\/wp-json\/wp\/v2\/pages\/12970","targetHints":{"allow":["GET"]}}],"collection":[{"href":"https:\/\/www.appartamentilorella.it\/fr\/wp-json\/wp\/v2\/pages"}],"about":[{"href":"https:\/\/www.appartamentilorella.it\/fr\/wp-json\/wp\/v2\/types\/page"}],"author":[{"embeddable":true,"href":"https:\/\/www.appartamentilorella.it\/fr\/wp-json\/wp\/v2\/users\/1"}],"replies":[{"embeddable":true,"href":"https:\/\/www.appartamentilorella.it\/fr\/wp-json\/wp\/v2\/comments?post=12970"}],"version-history":[{"count":4,"href":"https:\/\/www.appartamentilorella.it\/fr\/wp-json\/wp\/v2\/pages\/12970\/revisions"}],"predecessor-version":[{"id":13133,"href":"https:\/\/www.appartamentilorella.it\/fr\/wp-json\/wp\/v2\/pages\/12970\/revisions\/13133"}],"wp:attachment":[{"href":"https:\/\/www.appartamentilorella.it\/fr\/wp-json\/wp\/v2\/media?parent=12970"}],"curies":[{"name":"wp","href":"https:\/\/api.w.org\/{rel}","templated":true}]}}