{"id":12966,"date":"2019-02-12T12:49:55","date_gmt":"2019-02-12T11:49:55","guid":{"rendered":"http:\/\/www.appartamentilorella.it\/appartamenti\/"},"modified":"2019-04-10T12:44:59","modified_gmt":"2019-04-10T10:44:59","slug":"appartements","status":"publish","type":"page","link":"https:\/\/www.appartamentilorella.it\/fr\/appartements\/","title":{"rendered":"Appartements"},"content":{"rendered":"<div class=\"wpb-content-wrapper\"><p>[vc_row css=\u00a0\u00bb.vc_custom_1553863864629{padding-bottom: 0px !important;}\u00a0\u00bb][vc_column width=\u00a0\u00bb1\/2&Prime;][vc_row_inner][vc_column_inner width=\u00a0\u00bb1\/2&Prime;][vc_single_image image=\u00a0\u00bb11775&Prime; img_size=\u00a0\u00bbfull\u00a0\u00bb alignment=\u00a0\u00bbcenter\u00a0\u00bb][\/vc_column_inner][vc_column_inner width=\u00a0\u00bb1\/2&Prime;]<div id=\"ultimate-heading-554469df3006e8442\" class=\"uvc-heading ult-adjust-bottom-margin ultimate-heading-554469df3006e8442 uvc-721 \" data-hspacer=\"no_spacer\"  data-halign=\"left\" style=\"text-align:left\"><div class=\"uvc-heading-spacer no_spacer\" style=\"top\"><\/div><div class=\"uvc-main-heading ult-responsive\"  data-ultimate-target='.uvc-heading.ultimate-heading-554469df3006e8442 h2'  data-responsive-json-new='{\"font-size\":\"\",\"line-height\":\"\"}' ><h2 style=\"font-weight:normal;margin-top:10px;margin-bottom:20px;\">Le Palme<\/h2><\/div><\/div>[\/vc_column_inner][\/vc_row_inner][vc_column_text]Ils sont situ\u00e9s \u00e0 80 m\u00e8tres de la plage et disposent de toutes les typologies d&rsquo;appartements souhait\u00e9es: studios de 3 couchages, deux-pi\u00e8ces de 5\/6 couchages, trois-pi\u00e8ces de 5 couchages.<\/p>\n<p>Nos h\u00f4tes trouveront \u00e0 leur disposition un grand jardin de 1000 m2 ainsi qu&rsquo;une table de jardin prot\u00e9g\u00e9e pour 10 personnes et deux grands barbecues pour passer d&rsquo;agr\u00e9ables soir\u00e9es entre amis. Des douches chaudes ext\u00e9rieures permettent de se rincer au retour de la plage. Parking r\u00e9serv\u00e9 \u00e0 l&rsquo;ombre pour chaque appartement.[\/vc_column_text][\/vc_column][vc_column width=\u00a0\u00bb1\/2&Prime;][vc_single_image image=\u00a0\u00bb11790&Prime; img_size=\u00a0\u00bblarge\u00a0\u00bb alignment=\u00a0\u00bbcenter\u00a0\u00bb style=\u00a0\u00bbvc_box_outline\u00a0\u00bb onclick=\u00a0\u00bbcustom_link\u00a0\u00bb link=\u00a0\u00bb\/fr\/appartements\/le-palme\/\u00a0\u00bb]<div class=\"pix_button \"><a href=\"\/fr\/appartements\/le-palme\/\"  class=\"clear btn  btn-outline btn-hover-outline btn-oval  btn-md color btn-hover-color\">d\u00e9tails<\/a><\/div>[\/vc_column][\/vc_row][vc_row css=\u00a0\u00bb.vc_custom_1553863881587{padding-top: 80px !important;padding-bottom: 0px !important;}\u00a0\u00bb][vc_column width=\u00a0\u00bb1\/2&Prime;][vc_row_inner][vc_column_inner width=\u00a0\u00bb1\/2&Prime;][vc_single_image image=\u00a0\u00bb11963&Prime; img_size=\u00a0\u00bbfull\u00a0\u00bb alignment=\u00a0\u00bbcenter\u00a0\u00bb][\/vc_column_inner][vc_column_inner width=\u00a0\u00bb1\/2&Prime;]<div id=\"ultimate-heading-123069df3006e8bab\" class=\"uvc-heading ult-adjust-bottom-margin ultimate-heading-123069df3006e8bab uvc-8766 \" data-hspacer=\"no_spacer\"  data-halign=\"left\" style=\"text-align:left\"><div class=\"uvc-heading-spacer no_spacer\" style=\"top\"><\/div><div class=\"uvc-main-heading ult-responsive\"  data-ultimate-target='.uvc-heading.ultimate-heading-123069df3006e8bab h2'  data-responsive-json-new='{\"font-size\":\"\",\"line-height\":\"\"}' ><h2 style=\"font-weight:normal;margin-top:10px;margin-bottom:20px;\">Melograno<\/h2><\/div><\/div>[\/vc_column_inner][\/vc_row_inner][vc_column_text]Batiment situ\u00e9 \u00e0 50 m\u00e8tres de la plage qui propose des appartements deux-pi\u00e8ces avec 4\/5 couchages chacun, dispos\u00e9s sur deux \u00e9tages.<\/p>\n<p>En face de l&rsquo;\u00e9difice vous trouverez une table pour 10 personnes \u00e0 l&rsquo;abri du soleil, un barbecue, une pelouse verte avec des chaises longues et une douche chaude ext\u00e9rieure.<\/p>\n<p>Chaque appartement dispose d&rsquo;une place de parking \u00e0 l&rsquo;ombre.[\/vc_column_text][\/vc_column][vc_column width=\u00a0\u00bb1\/2&Prime;][vc_single_image image=\u00a0\u00bb11791&Prime; img_size=\u00a0\u00bblarge\u00a0\u00bb alignment=\u00a0\u00bbcenter\u00a0\u00bb style=\u00a0\u00bbvc_box_outline\u00a0\u00bb onclick=\u00a0\u00bbcustom_link\u00a0\u00bb link=\u00a0\u00bb\/fr\/appartements\/melograno\/\u00a0\u00bb]<div class=\"pix_button \"><a href=\"\/fr\/appartements\/melograno\/\"  class=\"clear btn  btn-outline btn-hover-outline btn-oval  btn-md color btn-hover-color\">d\u00e9tails<\/a><\/div>[\/vc_column][\/vc_row][vc_row css=\u00a0\u00bb.vc_custom_1553863890123{padding-top: 80px !important;}\u00a0\u00bb][vc_column width=\u00a0\u00bb1\/2&Prime;][vc_row_inner][vc_column_inner width=\u00a0\u00bb1\/2&Prime;][vc_single_image image=\u00a0\u00bb11962&Prime; img_size=\u00a0\u00bbfull\u00a0\u00bb alignment=\u00a0\u00bbcenter\u00a0\u00bb][\/vc_column_inner][vc_column_inner width=\u00a0\u00bb1\/2&Prime;]<div id=\"ultimate-heading-330769df3006e8c40\" class=\"uvc-heading ult-adjust-bottom-margin ultimate-heading-330769df3006e8c40 uvc-3947 \" data-hspacer=\"no_spacer\"  data-halign=\"left\" style=\"text-align:left\"><div class=\"uvc-heading-spacer no_spacer\" style=\"top\"><\/div><div class=\"uvc-main-heading ult-responsive\"  data-ultimate-target='.uvc-heading.ultimate-heading-330769df3006e8c40 h2'  data-responsive-json-new='{\"font-size\":\"\",\"line-height\":\"\"}' ><h2 style=\"font-weight:normal;margin-top:10px;margin-bottom:20px;\">Carrubo<\/h2><\/div><\/div>[\/vc_column_inner][\/vc_row_inner][vc_column_text]B\u00e2timent situ\u00e9 \u00e0 80 m\u00e8tres de la plage, disposant de 4 nouveaux appartements deux-pi\u00e8ces.<\/p>\n<p>Chaque appartement dispose de 4 couchages, d&rsquo;une terrasse et d&rsquo;une place de parking \u00e0 l&rsquo;ombre. Vous truverez \u00e9galement juste \u00e0 c\u00f4t\u00e9 la \u201cZone d\u00e9tente\u201d de la R\u00e9sidence Appartements Lorella: un grand jardin d&rsquo;herbe (1000 m2) est \u00e0 disposition de tous les clients de la R\u00e9sidence, comprenant une nouvelle zone barbecue avec tables et chaises \u00e0 l&rsquo;ombre, parfaite pour organiser des soir\u00e9es barbecue entre amis, une zone Solarium avec des chaises-longues disponibles et une zone r\u00e9serv\u00e9e aux enfants, avec un grand bac \u00e0 sable.[\/vc_column_text][\/vc_column][vc_column width=\u00a0\u00bb1\/2&Prime;][vc_single_image image=\u00a0\u00bb11789&Prime; img_size=\u00a0\u00bblarge\u00a0\u00bb alignment=\u00a0\u00bbcenter\u00a0\u00bb style=\u00a0\u00bbvc_box_outline\u00a0\u00bb onclick=\u00a0\u00bbcustom_link\u00a0\u00bb link=\u00a0\u00bb\/fr\/appartements\/carrubo\/\u00a0\u00bb]<div class=\"pix_button \"><a href=\"\/fr\/appartements\/carrubo\/\"  class=\"clear btn  btn-outline btn-hover-outline btn-oval  btn-md color btn-hover-color\">d\u00e9tails<\/a><\/div>[\/vc_column][\/vc_row]<\/p>\n<\/div>","protected":false},"excerpt":{"rendered":"<p>[vc_row css=\u00a0\u00bb.vc_custom_1553863864629{padding-bottom: 0px !important;}\u00a0\u00bb][vc_column width=\u00a0\u00bb1\/2&Prime;][vc_row_inner][vc_column_inner width=\u00a0\u00bb1\/2&Prime;][vc_single_image image=\u00a0\u00bb11775&Prime; img_size=\u00a0\u00bbfull\u00a0\u00bb alignment=\u00a0\u00bbcenter\u00a0\u00bb][\/vc_column_inner][vc_column_inner width=\u00a0\u00bb1\/2&Prime;][\/vc_column_inner][\/vc_row_inner][vc_column_text]Ils sont situ\u00e9s \u00e0 80 m\u00e8tres de la plage et disposent de toutes les typologies d&rsquo;appartements souhait\u00e9es: studios de 3 couchages, deux-pi\u00e8ces de 5\/6 couchages, trois-pi\u00e8ces de 5 couchages. Nos h\u00f4tes&#8230;<\/p>\n","protected":false},"author":1,"featured_media":0,"parent":0,"menu_order":0,"comment_status":"closed","ping_status":"closed","template":"","meta":{"footnotes":""},"class_list":["post-12966","page","type-page","status-publish","hentry"],"_links":{"self":[{"href":"https:\/\/www.appartamentilorella.it\/fr\/wp-json\/wp\/v2\/pages\/12966","targetHints":{"allow":["GET"]}}],"collection":[{"href":"https:\/\/www.appartamentilorella.it\/fr\/wp-json\/wp\/v2\/pages"}],"about":[{"href":"https:\/\/www.appartamentilorella.it\/fr\/wp-json\/wp\/v2\/types\/page"}],"author":[{"embeddable":true,"href":"https:\/\/www.appartamentilorella.it\/fr\/wp-json\/wp\/v2\/users\/1"}],"replies":[{"embeddable":true,"href":"https:\/\/www.appartamentilorella.it\/fr\/wp-json\/wp\/v2\/comments?post=12966"}],"version-history":[{"count":5,"href":"https:\/\/www.appartamentilorella.it\/fr\/wp-json\/wp\/v2\/pages\/12966\/revisions"}],"predecessor-version":[{"id":13132,"href":"https:\/\/www.appartamentilorella.it\/fr\/wp-json\/wp\/v2\/pages\/12966\/revisions\/13132"}],"wp:attachment":[{"href":"https:\/\/www.appartamentilorella.it\/fr\/wp-json\/wp\/v2\/media?parent=12966"}],"curies":[{"name":"wp","href":"https:\/\/api.w.org\/{rel}","templated":true}]}}