{"id":12960,"date":"2019-03-05T13:47:56","date_gmt":"2019-03-05T12:47:56","guid":{"rendered":"http:\/\/www.appartamentilorella.it\/carrubo\/"},"modified":"2019-04-10T13:00:19","modified_gmt":"2019-04-10T11:00:19","slug":"carrubo","status":"publish","type":"page","link":"https:\/\/www.appartamentilorella.it\/fr\/appartements\/carrubo\/","title":{"rendered":"Carrubo"},"content":{"rendered":"<div class=\"wpb-content-wrapper\"><p>[vc_row css=\u00a0\u00bb.vc_custom_1551775754252{padding-top: 50px !important;padding-bottom: 0px !important;}\u00a0\u00bb][vc_column width=\u00a0\u00bb1\/2&Prime;]<div id=\"ultimate-heading-99016a046c6e178f1\" class=\"uvc-heading ult-adjust-bottom-margin ultimate-heading-99016a046c6e178f1 uvc-1008 \" data-hspacer=\"no_spacer\"  data-halign=\"right\" style=\"text-align:right\"><div class=\"uvc-heading-spacer no_spacer\" style=\"top\"><\/div><div class=\"uvc-main-heading ult-responsive\"  data-ultimate-target='.uvc-heading.ultimate-heading-99016a046c6e178f1 h2'  data-responsive-json-new='{\"font-size\":\"\",\"line-height\":\"\"}' ><h2 style=\"font-weight:normal;margin-top:30px;\">Les appartements<\/h2><\/div><\/div>[\/vc_column][vc_column width=\u00a0\u00bb1\/2&Prime;][vc_single_image image=\u00a0\u00bb11962&Prime; img_size=\u00a0\u00bbfull\u00a0\u00bb][\/vc_column][\/vc_row][vc_row full_width=\u00a0\u00bbstretch_row_content_no_spaces\u00a0\u00bb css=\u00a0\u00bb.vc_custom_1551785876982{margin-top: 0px !important;margin-bottom: 0px !important;border-top-width: 0px !important;border-bottom-width: 0px !important;padding-top: 0px !important;padding-bottom: 0px !important;background-color: #f7f7f7 !important;}\u00a0\u00bb][vc_column width=\u00a0\u00bb1\/2&Prime; css=\u00a0\u00bb.vc_custom_1551784237534{padding-top: 5% !important;padding-right: 5% !important;padding-bottom: 5% !important;padding-left: 5% !important;}\u00a0\u00bb]<div id=\"ultimate-heading-28336a046c6e1796f\" class=\"uvc-heading ult-adjust-bottom-margin ultimate-heading-28336a046c6e1796f uvc-3477 \" data-hspacer=\"no_spacer\"  data-halign=\"center\" style=\"text-align:center\"><div class=\"uvc-heading-spacer no_spacer\" style=\"top\"><\/div><div class=\"uvc-main-heading ult-responsive\"  data-ultimate-target='.uvc-heading.ultimate-heading-28336a046c6e1796f h3'  data-responsive-json-new='{\"font-size\":\"\",\"line-height\":\"\"}' ><h3 style=\"font-weight:normal;\">Deux-pi\u00e8ces<\/h3><\/div><\/div>[vc_column_text]Les appartements sont situ\u00e9s au rez-de-chauss\u00e9e; chacun se compose d&rsquo;une chambre \u00e0 coucher avec lit double, d&rsquo;un s\u00e9jour avec canap\u00e9-lit double, d&rsquo;une cuisine, d&rsquo;une salle de bain et d&rsquo;un espace ext\u00e9rieur \u00e0 l&rsquo;ombre pour d\u00e9jeuner. Tous les deux-pi\u00e8ces disposent de la climatisation, d&rsquo;un coffre-fort, d&rsquo;une t\u00e9l\u00e9, d&rsquo;un s\u00e8che-cheveux, d&rsquo;une place de parking r\u00e9serv\u00e9e \u00e0 l&rsquo;ombre. Le changement des draps une fois par semaine ainsi que le m\u00e9nage final sont compris dans le prix.[\/vc_column_text][\/vc_column][vc_column width=\u00a0\u00bb1\/2&Prime; css=\u00a0\u00bb.vc_custom_1551784423121{margin-top: 0px !important;margin-bottom: 0px !important;border-top-width: 0px !important;border-bottom-width: 0px !important;padding-top: 0px !important;padding-bottom: 0px !important;}\u00a0\u00bb]<div class=\"gallery-block-wrap  \"><div class=\"wpb_row vc_row-fluid gallery-block-container\"><div class=\"gallery-contents  margin-no\"><div class=\"gallery-grid-sizer vc_col-sm-3\"><\/div><div class=\"element gallery-item vc_col-sm-6\"><div class=\"portfolio-container portfolio-gallery_style1\"><div class=\"portfolio-img\"><img decoding=\"async\" src=\"https:\/\/www.appartamentilorella.it\/wp-content\/uploads\/2019\/03\/Cucina-bilo-1-1-600x600.jpg\" alt=\"\"><\/div><div class=\"portfolio-hover\"><div class=\"gallery-icons\"><div class=\"center-wrap\"><a href=\"https:\/\/www.appartamentilorella.it\/wp-content\/uploads\/2019\/03\/Cucina-bilo-1-1-1920x1020.jpg\" class=\"port-icon-hover popup-gallery\" data-title=\"Cucina bilo\"><i class=\"pixicon-plus\"><\/i><\/a><\/div><\/div><\/div><\/div><\/div><div class=\"element gallery-item vc_col-sm-3\"><div class=\"portfolio-container portfolio-gallery_style1\"><div class=\"portfolio-img\"><img decoding=\"async\" src=\"https:\/\/www.appartamentilorella.it\/wp-content\/uploads\/2019\/03\/bagno-bilo-300x300.jpg\" alt=\"\"><\/div><div class=\"portfolio-hover\"><div class=\"gallery-icons\"><div class=\"center-wrap\"><a href=\"https:\/\/www.appartamentilorella.it\/wp-content\/uploads\/2019\/03\/bagno-bilo.jpg\" class=\"port-icon-hover popup-gallery\" data-title=\"bagno bilo\"><i class=\"pixicon-plus\"><\/i><\/a><\/div><\/div><\/div><\/div><\/div><div class=\"element gallery-item vc_col-sm-3\"><div class=\"portfolio-container portfolio-gallery_style1\"><div class=\"portfolio-img\"><img decoding=\"async\" src=\"https:\/\/www.appartamentilorella.it\/wp-content\/uploads\/2019\/03\/Camera-da-letto-bilo-2-1-300x300.jpg\" alt=\"\"><\/div><div class=\"portfolio-hover\"><div class=\"gallery-icons\"><div class=\"center-wrap\"><a href=\"https:\/\/www.appartamentilorella.it\/wp-content\/uploads\/2019\/03\/Camera-da-letto-bilo-2-1.jpg\" class=\"port-icon-hover popup-gallery\" data-title=\"Camera da letto bilo 2\"><i class=\"pixicon-plus\"><\/i><\/a><\/div><\/div><\/div><\/div><\/div><div class=\"element gallery-item vc_col-sm-3\"><div class=\"portfolio-container portfolio-gallery_style1\"><div class=\"portfolio-img\"><img decoding=\"async\" src=\"https:\/\/www.appartamentilorella.it\/wp-content\/uploads\/2019\/03\/Camera-da-letto-bilo-1-300x300.jpg\" alt=\"\"><\/div><div class=\"portfolio-hover\"><div class=\"gallery-icons\"><div class=\"center-wrap\"><a href=\"https:\/\/www.appartamentilorella.it\/wp-content\/uploads\/2019\/03\/Camera-da-letto-bilo-1.jpg\" class=\"port-icon-hover popup-gallery\" data-title=\"Camera da letto bilo\"><i class=\"pixicon-plus\"><\/i><\/a><\/div><\/div><\/div><\/div><\/div><div class=\"element gallery-item vc_col-sm-3\"><div class=\"portfolio-container portfolio-gallery_style1\"><div class=\"portfolio-img\"><img decoding=\"async\" src=\"https:\/\/www.appartamentilorella.it\/wp-content\/uploads\/2019\/03\/soggiorno-carrubo-3-300x300.jpg\" alt=\"\"><\/div><div class=\"portfolio-hover\"><div class=\"gallery-icons\"><div class=\"center-wrap\"><a href=\"https:\/\/www.appartamentilorella.it\/wp-content\/uploads\/2019\/03\/soggiorno-carrubo-3.jpg\" class=\"port-icon-hover popup-gallery\" data-title=\"soggiorno carrubo 3\"><i class=\"pixicon-plus\"><\/i><\/a><\/div><\/div><\/div><\/div><\/div><\/div><\/div><\/div>[\/vc_column][\/vc_row][vc_row css=\u00a0\u00bb.vc_custom_1551786152116{padding-top: 70px !important;padding-bottom: 50px !important;}\u00a0\u00bb][vc_column]<div id=\"ultimate-heading-38426a046c6e1b4b3\" class=\"uvc-heading ult-adjust-bottom-margin ultimate-heading-38426a046c6e1b4b3 uvc-7395 \" data-hspacer=\"no_spacer\"  data-halign=\"center\" style=\"text-align:center\"><div class=\"uvc-heading-spacer no_spacer\" style=\"top\"><\/div><div class=\"uvc-main-heading ult-responsive\"  data-ultimate-target='.uvc-heading.ultimate-heading-38426a046c6e1b4b3 h3'  data-responsive-json-new='{\"font-size\":\"\",\"line-height\":\"\"}' ><h3 style=\"font-weight:normal;margin-bottom:30px;\">Vue ext\u00e9rieure<\/h3><\/div><\/div>[vc_gallery type=\u00a0\u00bbflexslider_slide\u00a0\u00bb interval=\u00a0\u00bb3&Prime; images=\u00a0\u00bb12119,12120,12121,12122,12123&Prime; img_size=\u00a0\u00bblarge\u00a0\u00bb][\/vc_column][\/vc_row]<\/p>\n<\/div>","protected":false},"excerpt":{"rendered":"<p>[vc_row css=\u00a0\u00bb.vc_custom_1551775754252{padding-top: 50px !important;padding-bottom: 0px !important;}\u00a0\u00bb][vc_column width=\u00a0\u00bb1\/2&Prime;][\/vc_column][vc_column width=\u00a0\u00bb1\/2&Prime;][vc_single_image image=\u00a0\u00bb11962&Prime; img_size=\u00a0\u00bbfull\u00a0\u00bb][\/vc_column][\/vc_row][vc_row full_width=\u00a0\u00bbstretch_row_content_no_spaces\u00a0\u00bb css=\u00a0\u00bb.vc_custom_1551785876982{margin-top: 0px !important;margin-bottom: 0px !important;border-top-width: 0px !important;border-bottom-width: 0px !important;padding-top: 0px !important;padding-bottom: 0px !important;background-color: #f7f7f7 !important;}\u00a0\u00bb][vc_column width=\u00a0\u00bb1\/2&Prime; css=\u00a0\u00bb.vc_custom_1551784237534{padding-top: 5% !important;padding-right: 5% !important;padding-bottom: 5% !important;padding-left: 5% !important;}\u00a0\u00bb][vc_column_text]Les appartements sont situ\u00e9s au&#8230;<\/p>\n","protected":false},"author":1,"featured_media":0,"parent":12966,"menu_order":0,"comment_status":"closed","ping_status":"closed","template":"","meta":{"footnotes":""},"class_list":["post-12960","page","type-page","status-publish","hentry"],"_links":{"self":[{"href":"https:\/\/www.appartamentilorella.it\/fr\/wp-json\/wp\/v2\/pages\/12960","targetHints":{"allow":["GET"]}}],"collection":[{"href":"https:\/\/www.appartamentilorella.it\/fr\/wp-json\/wp\/v2\/pages"}],"about":[{"href":"https:\/\/www.appartamentilorella.it\/fr\/wp-json\/wp\/v2\/types\/page"}],"author":[{"embeddable":true,"href":"https:\/\/www.appartamentilorella.it\/fr\/wp-json\/wp\/v2\/users\/1"}],"replies":[{"embeddable":true,"href":"https:\/\/www.appartamentilorella.it\/fr\/wp-json\/wp\/v2\/comments?post=12960"}],"version-history":[{"count":2,"href":"https:\/\/www.appartamentilorella.it\/fr\/wp-json\/wp\/v2\/pages\/12960\/revisions"}],"predecessor-version":[{"id":12962,"href":"https:\/\/www.appartamentilorella.it\/fr\/wp-json\/wp\/v2\/pages\/12960\/revisions\/12962"}],"up":[{"embeddable":true,"href":"https:\/\/www.appartamentilorella.it\/fr\/wp-json\/wp\/v2\/pages\/12966"}],"wp:attachment":[{"href":"https:\/\/www.appartamentilorella.it\/fr\/wp-json\/wp\/v2\/media?parent=12960"}],"curies":[{"name":"wp","href":"https:\/\/api.w.org\/{rel}","templated":true}]}}