{"id":12942,"date":"2017-02-04T13:16:39","date_gmt":"2017-02-04T12:16:39","guid":{"rendered":"http:\/\/www.appartamentilorella.it\/home\/"},"modified":"2019-04-10T12:14:37","modified_gmt":"2019-04-10T10:14:37","slug":"home","status":"publish","type":"page","link":"https:\/\/www.appartamentilorella.it\/de\/","title":{"rendered":"Home"},"content":{"rendered":"<div class=\"wpb-content-wrapper\"><p>[vc_row full_width=&#8220;stretch_row&#8220; full_height=&#8220;yes&#8220; bg_type=&#8220;image&#8220; parallax_style=&#8220;vcpb-default&#8220; bg_image_repeat=&#8220;no-repeat&#8220; bg_img_attach=&#8220;fixed&#8220; bg_override=&#8220;browser_size&#8220; parallax_content=&#8220;parallax_content_value&#8220; parallax_content_sense=&#8220;70&#8243; fadeout_row=&#8220;fadeout_row_value&#8220; seperator_enable=&#8220;seperator_enable_value&#8220; seperator_type=&#8220;xlarge_triangle_seperator&#8220; seperator_position=&#8220;bottom_seperator&#8220; seperator_svg_height=&#8220;100&#8243; seperator_shape_background=&#8220;#ffffff&#8220; css=&#8220;.vc_custom_1550664052064{padding-top: 0px !important;padding-bottom: 0px !important;}&#8220;][vc_column][rev_slider_vc alias=&#8220;slide-home-de&#8220;][\/vc_column][\/vc_row][vc_row full_width=&#8220;stretch_row&#8220; full_height=&#8220;yes&#8220; bg_type=&#8220;image&#8220; parallax_style=&#8220;vcpb-default&#8220; bg_image_new=&#8220;id^11745|url^http:\/\/www.appartamentilorella.it\/wp-content\/uploads\/2019\/02\/golfo-lacona.jpg|caption^null|alt^null|title^golfo-lacona|description^null&#8220; bg_image_repeat=&#8220;no-repeat&#8220; bg_override=&#8220;ex-full&#8220; enable_overlay=&#8220;enable_overlay_value&#8220; overlay_color=&#8220;rgba(255,255,255,0.81)&#8220; overlay_pattern=&#8220;transperant&#8220; el_id=&#8220;next&#8220; css=&#8220;.vc_custom_1549968302700{padding-top: 60px !important;padding-bottom: 100px !important;}&#8220;][vc_column][vc_custom_heading text=&#8220;Unsere Wohnungen&#8220; font_container=&#8220;tag:h2|font_size:37px|text_align:center|color:%23004564&#8243; google_fonts=&#8220;font_family:Condiment%3Aregular|font_style:400%20regular%3A400%3Anormal&#8220;][vc_custom_heading text=&#8220;Unsere kleine Residenz befindet sich in Lacona, einem Ort an der S\u00fcdk\u00fcste von Elba, im Nationalpark des Toskanischen Archipels.&#8220; font_container=&#8220;tag:h2|font_size:21px|text_align:center|color:%23004564&#8243; google_fonts=&#8220;font_family:Cabin%3Aregular%2Citalic%2C500%2C500italic%2C600%2C600italic%2C700%2C700italic|font_style:400%20regular%3A400%3Anormal&#8220;][vc_empty_space][vc_custom_heading text=&#8220;Die Residenz Lorella, nur 50m vom wundersch\u00f6nen wei\u00dfen Sandstrand von Lacona, seiner Sch\u00f6nheit wegen eine der Attraktionen von Elba, entfernt, ist der ideale Ort f\u00fcr den von Ihnen gew\u00fcnschten Urlaub.<\/p>\n<p>Ein bequemer Privatweg f\u00fchrt Sie in wenigen Schritten zu dem mit allen Annehmlichkeiten ausgestatteten Strand, wo Sie sich in entspannter Atmosph\u00e4re vergn\u00fcgen k\u00f6nnen.&#8220; font_container=&#8220;tag:h2|font_size:23px|text_align:center|color:%23004564|line_height:36px&#8220; google_fonts=&#8220;font_family:Bitter%3Aregular%2Citalic%2C700|font_style:400%20regular%3A400%3Anormal&#8220;][vc_empty_space height=&#8220;40px&#8220;][\/vc_column][\/vc_row][vc_row full_width=&#8220;stretch_row&#8220; full_height=&#8220;yes&#8220; css=&#8220;.vc_custom_1554891277309{padding-top: 65px !important;background-image: url(https:\/\/www.appartamentilorella.it\/wp-content\/uploads\/2019\/02\/\u252c\u00aeR.Ridi3087CP.jpg?id=12334) !important;background-position: center !important;background-repeat: no-repeat !important;background-size: cover !important;}&#8220;][vc_column width=&#8220;1\/6&#8243; css=&#8220;.vc_custom_1486384241768{padding-top: 0px !important;}&#8220;][\/vc_column][vc_column width=&#8220;2\/3&#8243;]<div class=\"owl-carousel row-carousel arrow-style-3 no-pagi-carousel \" data-items=\"1\" data-loop=\"true\" data-margin=\"30\" data-center=\"false\" data-stage-padding=\"0\" data-start-position=\"0\" data-dots=\"false\" data-touch-drag=\"true\" data-mouse-drag=\"true\" data-autoplay-hover-pause=\"true\" data-nav=\"true\" data-autoplay-timeout=\"5000\" data-autoplay=\"true\" data-animate-in=\"false\" data-animate-out=\"false\">[vc_row_inner css=&#8220;.vc_custom_1552905292123{padding-top: 60px !important;padding-right: 10% !important;padding-bottom: 95px !important;padding-left: 10% !important;}&#8220;][vc_column_inner][vc_single_image image=&#8220;11775&#8243; img_size=&#8220;full&#8220; alignment=&#8220;center&#8220;][vc_custom_heading text=&#8220;Le Palme&#8220; font_container=&#8220;tag:h2|font_size:36px|text_align:center|color:%23004564&#8243; google_fonts=&#8220;font_family:Condiment%3Aregular|font_style:400%20regular%3A400%3Anormal&#8220; css=&#8220;.vc_custom_1552907111104{margin-bottom: 10px !important;}&#8220;][vc_column_text]<\/p>\n<h2><img loading=\"lazy\" decoding=\"async\" class=\"size-medium wp-image-11790 alignleft\" src=\"\/wp-content\/uploads\/2019\/02\/le-palme-300x169.jpg\" alt=\"\" width=\"300\" height=\"169\" srcset=\"https:\/\/www.appartamentilorella.it\/wp-content\/uploads\/2019\/02\/le-palme-300x169.jpg 300w, https:\/\/www.appartamentilorella.it\/wp-content\/uploads\/2019\/02\/le-palme-768x432.jpg 768w, https:\/\/www.appartamentilorella.it\/wp-content\/uploads\/2019\/02\/le-palme-1024x576.jpg 1024w, https:\/\/www.appartamentilorella.it\/wp-content\/uploads\/2019\/02\/le-palme.jpg 1920w\" sizes=\"auto, (max-width: 300px) 100vw, 300px\" \/><\/h2>\n<p>Ein Wohnungen Komplex in 80m Entfernung vom Strand, der \u00fcber alle Wohnungstypen verf\u00fcgt: Einzimmerwohnungen, Zweizimmerwohnungen, Dreizimmerwohnungen.[\/vc_column_text][vc_empty_space]<div class=\"pix_button button-center\"><a href=\"\/de\/wohnungen\/le-palme\/\"  class=\"clear btn  btn-solid btn-hover-outline btn-rectangle  btn-md color btn-hover-color\">sehen<\/a><\/div>[\/vc_column_inner][\/vc_row_inner][vc_row_inner css=&#8220;.vc_custom_1552905314657{padding-top: 60px !important;padding-right: 10% !important;padding-bottom: 95px !important;padding-left: 10% !important;}&#8220;][vc_column_inner][vc_single_image image=&#8220;11963&#8243; img_size=&#8220;full&#8220; alignment=&#8220;center&#8220;][vc_custom_heading text=&#8220;Melograno&#8220; font_container=&#8220;tag:h2|font_size:36px|text_align:center|color:%23004564&#8243; google_fonts=&#8220;font_family:Condiment%3Aregular|font_style:400%20regular%3A400%3Anormal&#8220; css=&#8220;.vc_custom_1549968809778{margin-bottom: 10px !important;}&#8220;][vc_column_text]<img loading=\"lazy\" decoding=\"async\" class=\"size-medium wp-image-11791 alignleft\" src=\"\/wp-content\/uploads\/2019\/02\/melograno-300x169.jpg\" alt=\"\" width=\"300\" height=\"169\" srcset=\"https:\/\/www.appartamentilorella.it\/wp-content\/uploads\/2019\/02\/melograno-300x169.jpg 300w, https:\/\/www.appartamentilorella.it\/wp-content\/uploads\/2019\/02\/melograno-768x432.jpg 768w, https:\/\/www.appartamentilorella.it\/wp-content\/uploads\/2019\/02\/melograno.jpg 1024w\" sizes=\"auto, (max-width: 300px) 100vw, 300px\" \/>Ein Wohnungen Geb\u00e4udekomplex, der in 50m Entfernung vom Meer liegt. Zweigeschossige Zweizimmerwohnungen.[\/vc_column_text][vc_empty_space]<div class=\"pix_button button-center\"><a href=\"\/de\/wohnungen\/melograno\/\"  class=\"clear btn  btn-solid btn-hover-outline btn-rectangle  btn-md color btn-hover-color\">sehen<\/a><\/div>[\/vc_column_inner][\/vc_row_inner][vc_row_inner css=&#8220;.vc_custom_1552905322088{padding-top: 60px !important;padding-right: 10% !important;padding-bottom: 95px !important;padding-left: 10% !important;}&#8220;][vc_column_inner][vc_single_image image=&#8220;11962&#8243; img_size=&#8220;full&#8220; alignment=&#8220;center&#8220;][vc_custom_heading text=&#8220;Carrubo&#8220; font_container=&#8220;tag:h2|font_size:36px|text_align:center|color:%23004564&#8243; google_fonts=&#8220;font_family:Condiment%3Aregular|font_style:400%20regular%3A400%3Anormal&#8220; css=&#8220;.vc_custom_1549968842331{margin-bottom: 10px !important;}&#8220;][vc_column_text]<img loading=\"lazy\" decoding=\"async\" class=\"size-medium wp-image-11789 alignleft\" src=\"\/wp-content\/uploads\/2019\/02\/carrubo-300x169.jpg\" alt=\"\" width=\"300\" height=\"169\" srcset=\"https:\/\/www.appartamentilorella.it\/wp-content\/uploads\/2019\/02\/carrubo-300x169.jpg 300w, https:\/\/www.appartamentilorella.it\/wp-content\/uploads\/2019\/02\/carrubo-768x432.jpg 768w, https:\/\/www.appartamentilorella.it\/wp-content\/uploads\/2019\/02\/carrubo.jpg 900w\" sizes=\"auto, (max-width: 300px) 100vw, 300px\" \/>Die Anlage liegt 80 Meter vom Strand entfernt und umfasst 4 neue Zweizimmerwohnungen.[\/vc_column_text][vc_empty_space]<div class=\"pix_button button-center\"><a href=\"\/de\/wohnungen\/carrubo\/\"  class=\"clear btn  btn-solid btn-hover-outline btn-rectangle  btn-md color btn-hover-color\">sehen<\/a><\/div>[\/vc_column_inner][\/vc_row_inner]<\/div>[\/vc_column][vc_column width=&#8220;1\/6&#8243;][\/vc_column][\/vc_row][vc_row full_width=&#8220;stretch_row&#8220; full_height=&#8220;yes&#8220; enable_overlay=&#8220;enable_overlay_value&#8220; overlay_color=&#8220;rgba(255,255,255,0.81)&#8220; overlay_pattern=&#8220;transperant&#8220; css=&#8220;.vc_custom_1549970431693{padding-top: 30px !important;padding-bottom: 60px !important;}&#8220;][vc_column css=&#8220;.vc_custom_1486388911640{padding-top: 35px !important;}&#8220;][vc_row_inner css=&#8220;.vc_custom_1486387899293{padding-top: 0px !important;}&#8220;][vc_column_inner width=&#8220;1\/2&#8243; css=&#8220;.vc_custom_1486387893133{padding-top: 0px !important;}&#8220;][vc_custom_heading text=&#8220;Die Familie Mazzarri&#8220; font_container=&#8220;tag:h2|font_size:36px|text_align:center|color:%23004564&#8243; google_fonts=&#8220;font_family:Condiment%3Aregular|font_style:400%20regular%3A400%3Anormal&#8220; css=&#8220;.vc_custom_1554370463540{margin-bottom: 10px !important;}&#8220;][vc_custom_heading text=&#8220;Die Residenz Lorella wird von der Familie Mazzarri-Bolano gef\u00fchrt, die mit den G\u00e4sten gerne einen Kontakt pflegt, der \u00fcber die Arbeit hinausgeht. Unsere G\u00e4ste sind in erster Linie Freunde und erst dann Kunden. Um diese Atmosph\u00e4re herzustellen, organisieren wir oft Nachtessen und andere gemeinsame Aktivit\u00e4ten.<\/p>\n<p>Wir geben Ihnen gerne und jederzeit Informationen betreffend den besten Strandpl\u00e4tzen, den sch\u00f6nsten Wanderungen, den malerischsten D\u00f6rfern, um Ihnen Ihren Urlaub so angenehm wie m\u00f6glich zu machen. Unsere Erfahrung und die gute Kenntnis der Umgebung, wir sind seit Generationen \u201cElbaner\u201d, erm\u00f6glichen dies.<\/p>\n<p>Wer gerne taucht, wird sich mit Freuden an Renzo, das Familienoberhaupt, wenden, der dreifacher Weltmeister im Fischen unter Wasser ohne Sauerstoffger\u00e4t ist und Ihnen gerne Tipps \u00fcber die wunderbare Unterwasserwelt von Elba gibt.&#8220; font_container=&#8220;tag:h2|font_size:18px|text_align:left|color:%23004564&#8243; google_fonts=&#8220;font_family:Cabin%3Aregular%2Citalic%2C500%2C500italic%2C600%2C600italic%2C700%2C700italic|font_style:400%20regular%3A400%3Anormal&#8220;][vc_empty_space height=&#8220;30px&#8220;][\/vc_column_inner][vc_column_inner width=&#8220;1\/2&#8243;]<div class=\"gallery-block-wrap  \"><div class=\"wpb_row vc_row-fluid gallery-block-container\"><div class=\"gallery-contents  margin-yes\"><div class=\"gallery-grid-sizer vc_col-sm-3\"><\/div><div class=\"element gallery-item vc_col-sm-6\"><div class=\"portfolio-container portfolio-gallery_style1\"><div class=\"portfolio-img\"><img decoding=\"async\" src=\"https:\/\/www.appartamentilorella.it\/wp-content\/uploads\/2019\/03\/1-570x670.jpg\" alt=\"\"><\/div><div class=\"portfolio-hover\"><div class=\"gallery-icons\"><div class=\"center-wrap\"><a href=\"https:\/\/www.appartamentilorella.it\/wp-content\/uploads\/2019\/03\/1-1920x1020.jpg\" class=\"port-icon-hover popup-gallery\" data-title=\"1\"><i class=\"pixicon-plus\"><\/i><\/a><\/div><\/div><\/div><\/div><\/div><div class=\"element gallery-item vc_col-sm-3\"><div class=\"portfolio-container portfolio-gallery_style1\"><div class=\"portfolio-img\"><img decoding=\"async\" src=\"https:\/\/www.appartamentilorella.it\/wp-content\/uploads\/2019\/03\/2-270x320.jpg\" alt=\"\"><\/div><div class=\"portfolio-hover\"><div class=\"gallery-icons\"><div class=\"center-wrap\"><a href=\"https:\/\/www.appartamentilorella.it\/wp-content\/uploads\/2019\/03\/2.jpg\" class=\"port-icon-hover popup-gallery\" data-title=\"2\"><i class=\"pixicon-plus\"><\/i><\/a><\/div><\/div><\/div><\/div><\/div><div class=\"element gallery-item vc_col-sm-3\"><div class=\"portfolio-container portfolio-gallery_style1\"><div class=\"portfolio-img\"><img decoding=\"async\" src=\"https:\/\/www.appartamentilorella.it\/wp-content\/uploads\/2019\/03\/3-270x320.jpg\" alt=\"\"><\/div><div class=\"portfolio-hover\"><div class=\"gallery-icons\"><div class=\"center-wrap\"><a href=\"https:\/\/www.appartamentilorella.it\/wp-content\/uploads\/2019\/03\/3.jpg\" class=\"port-icon-hover popup-gallery\" data-title=\"3\"><i class=\"pixicon-plus\"><\/i><\/a><\/div><\/div><\/div><\/div><\/div><div class=\"element gallery-item vc_col-sm-3\"><div class=\"portfolio-container portfolio-gallery_style1\"><div class=\"portfolio-img\"><img decoding=\"async\" src=\"https:\/\/www.appartamentilorella.it\/wp-content\/uploads\/2019\/03\/4-270x320.jpg\" alt=\"\"><\/div><div class=\"portfolio-hover\"><div class=\"gallery-icons\"><div class=\"center-wrap\"><a href=\"https:\/\/www.appartamentilorella.it\/wp-content\/uploads\/2019\/03\/4.jpg\" class=\"port-icon-hover popup-gallery\" data-title=\"4\"><i class=\"pixicon-plus\"><\/i><\/a><\/div><\/div><\/div><\/div><\/div><div class=\"element gallery-item vc_col-sm-3\"><div class=\"portfolio-container portfolio-gallery_style1\"><div class=\"portfolio-img\"><img decoding=\"async\" src=\"https:\/\/www.appartamentilorella.it\/wp-content\/uploads\/2019\/03\/5-270x320.jpg\" alt=\"\"><\/div><div class=\"portfolio-hover\"><div class=\"gallery-icons\"><div class=\"center-wrap\"><a href=\"https:\/\/www.appartamentilorella.it\/wp-content\/uploads\/2019\/03\/5.jpg\" class=\"port-icon-hover popup-gallery\" data-title=\"5\"><i class=\"pixicon-plus\"><\/i><\/a><\/div><\/div><\/div><\/div><\/div><div class=\"element gallery-item vc_col-sm-3\"><div class=\"portfolio-container portfolio-gallery_style1\"><div class=\"portfolio-img\"><img decoding=\"async\" src=\"https:\/\/www.appartamentilorella.it\/wp-content\/uploads\/2019\/03\/6-270x320.jpg\" alt=\"\"><\/div><div class=\"portfolio-hover\"><div class=\"gallery-icons\"><div class=\"center-wrap\"><a href=\"https:\/\/www.appartamentilorella.it\/wp-content\/uploads\/2019\/03\/6.jpg\" class=\"port-icon-hover popup-gallery\" data-title=\"6\"><i class=\"pixicon-plus\"><\/i><\/a><\/div><\/div><\/div><\/div><\/div><div class=\"element gallery-item vc_col-sm-3\"><div class=\"portfolio-container portfolio-gallery_style1\"><div class=\"portfolio-img\"><img decoding=\"async\" src=\"https:\/\/www.appartamentilorella.it\/wp-content\/uploads\/2019\/03\/7-270x320.jpg\" alt=\"\"><\/div><div class=\"portfolio-hover\"><div class=\"gallery-icons\"><div class=\"center-wrap\"><a href=\"https:\/\/www.appartamentilorella.it\/wp-content\/uploads\/2019\/03\/7.jpg\" class=\"port-icon-hover popup-gallery\" data-title=\"7\"><i class=\"pixicon-plus\"><\/i><\/a><\/div><\/div><\/div><\/div><\/div><div class=\"element gallery-item vc_col-sm-3\"><div class=\"portfolio-container portfolio-gallery_style1\"><div class=\"portfolio-img\"><img decoding=\"async\" src=\"https:\/\/www.appartamentilorella.it\/wp-content\/uploads\/2019\/03\/9-270x320.jpg\" alt=\"\"><\/div><div class=\"portfolio-hover\"><div class=\"gallery-icons\"><div class=\"center-wrap\"><a href=\"https:\/\/www.appartamentilorella.it\/wp-content\/uploads\/2019\/03\/9.jpg\" class=\"port-icon-hover popup-gallery\" data-title=\"9\"><i class=\"pixicon-plus\"><\/i><\/a><\/div><\/div><\/div><\/div><\/div><div class=\"element gallery-item vc_col-sm-3\"><div class=\"portfolio-container portfolio-gallery_style1\"><div class=\"portfolio-img\"><img decoding=\"async\" src=\"https:\/\/www.appartamentilorella.it\/wp-content\/uploads\/2019\/03\/10-270x320.jpg\" alt=\"\"><\/div><div class=\"portfolio-hover\"><div class=\"gallery-icons\"><div class=\"center-wrap\"><a href=\"https:\/\/www.appartamentilorella.it\/wp-content\/uploads\/2019\/03\/10.jpg\" class=\"port-icon-hover popup-gallery\" data-title=\"10\"><i class=\"pixicon-plus\"><\/i><\/a><\/div><\/div><\/div><\/div><\/div><\/div><\/div><\/div>[\/vc_column_inner][\/vc_row_inner][\/vc_column][\/vc_row]<\/p>\n<\/div>","protected":false},"excerpt":{"rendered":"<p>[vc_row full_width=&#8220;stretch_row&#8220; full_height=&#8220;yes&#8220; bg_type=&#8220;image&#8220; parallax_style=&#8220;vcpb-default&#8220; bg_image_repeat=&#8220;no-repeat&#8220; bg_img_attach=&#8220;fixed&#8220; bg_override=&#8220;browser_size&#8220; parallax_content=&#8220;parallax_content_value&#8220; parallax_content_sense=&#8220;70&#8243; fadeout_row=&#8220;fadeout_row_value&#8220; seperator_enable=&#8220;seperator_enable_value&#8220; seperator_type=&#8220;xlarge_triangle_seperator&#8220; seperator_position=&#8220;bottom_seperator&#8220; seperator_svg_height=&#8220;100&#8243; seperator_shape_background=&#8220;#ffffff&#8220; css=&#8220;.vc_custom_1550664052064{padding-top: 0px !important;padding-bottom: 0px !important;}&#8220;][vc_column][rev_slider_vc alias=&#8220;slide-home-de&#8220;][\/vc_column][\/vc_row][vc_row full_width=&#8220;stretch_row&#8220; full_height=&#8220;yes&#8220; bg_type=&#8220;image&#8220; parallax_style=&#8220;vcpb-default&#8220; bg_image_new=&#8220;id^11745|url^http:\/\/www.appartamentilorella.it\/wp-content\/uploads\/2019\/02\/golfo-lacona.jpg|caption^null|alt^null|title^golfo-lacona|description^null&#8220; bg_image_repeat=&#8220;no-repeat&#8220; bg_override=&#8220;ex-full&#8220; enable_overlay=&#8220;enable_overlay_value&#8220; overlay_color=&#8220;rgba(255,255,255,0.81)&#8220; overlay_pattern=&#8220;transperant&#8220; el_id=&#8220;next&#8220; css=&#8220;.vc_custom_1549968302700{padding-top: 60px !important;padding-bottom: 100px !important;}&#8220;][vc_column][vc_custom_heading text=&#8220;Unsere Wohnungen&#8220;&#8230;<\/p>\n","protected":false},"author":1,"featured_media":0,"parent":0,"menu_order":0,"comment_status":"closed","ping_status":"closed","template":"","meta":{"footnotes":""},"class_list":["post-12942","page","type-page","status-publish","hentry"],"_links":{"self":[{"href":"https:\/\/www.appartamentilorella.it\/de\/wp-json\/wp\/v2\/pages\/12942","targetHints":{"allow":["GET"]}}],"collection":[{"href":"https:\/\/www.appartamentilorella.it\/de\/wp-json\/wp\/v2\/pages"}],"about":[{"href":"https:\/\/www.appartamentilorella.it\/de\/wp-json\/wp\/v2\/types\/page"}],"author":[{"embeddable":true,"href":"https:\/\/www.appartamentilorella.it\/de\/wp-json\/wp\/v2\/users\/1"}],"replies":[{"embeddable":true,"href":"https:\/\/www.appartamentilorella.it\/de\/wp-json\/wp\/v2\/comments?post=12942"}],"version-history":[{"count":5,"href":"https:\/\/www.appartamentilorella.it\/de\/wp-json\/wp\/v2\/pages\/12942\/revisions"}],"predecessor-version":[{"id":13148,"href":"https:\/\/www.appartamentilorella.it\/de\/wp-json\/wp\/v2\/pages\/12942\/revisions\/13148"}],"wp:attachment":[{"href":"https:\/\/www.appartamentilorella.it\/de\/wp-json\/wp\/v2\/media?parent=12942"}],"curies":[{"name":"wp","href":"https:\/\/api.w.org\/{rel}","templated":true}]}}