{"id":12920,"date":"2019-02-15T10:24:30","date_gmt":"2019-02-15T09:24:30","guid":{"rendered":"http:\/\/www.appartamentilorella.it\/isola-delba\/"},"modified":"2019-04-16T16:03:45","modified_gmt":"2019-04-16T14:03:45","slug":"insel-elba","status":"publish","type":"page","link":"https:\/\/www.appartamentilorella.it\/de\/insel-elba\/","title":{"rendered":"Insel Elba"},"content":{"rendered":"<div class=\"wpb-content-wrapper\"><p>[vc_row css=&#8220;.vc_custom_1550674519575{padding-top: 70px !important;padding-bottom: 0px !important;}&#8220;][vc_column][vc_column_text]<\/p>\n<h3>Die Insel Elba, Perle des Nationalparks des Toskanischen Archipels.<\/h3>\n<p>Die Insel Elba ist 27km lang, 18km breit und hat einen Umfang von 147km, wo es \u00fcber 70 Str\u00e4nde, alle wundersch\u00f6n, aber jeder etwas anders, gibt.<\/p>\n<p>Die Insel bietet aussergew\u00f6hnliche Ausblicke, die dank der charakteristischen, abwechslungsreichen Landschaft sehr unterschiedlich, aber immer einzigartig sind: von der beruhigenden Strandatmosph\u00e4re hinauf zu den Bergen Monte Capanne und Monte Perone, von deren Gipfel aus man eine unvergleichliche Aussicht auf die Inseln des Archipels und Korsika hat.<\/p>\n<p>Hier k\u00f6nnen unz\u00e4hlige Sportarten ausge\u00fcbt werden: Schwimmen, Segeln, Surfing und Windsurfing, Mountainbiking, Reiten, Tennis, Golf, Kanufahren, Paragliding, Unterwasserfischen und viele mehr.[\/vc_column_text][\/vc_column][\/vc_row][vc_row content_placement=&#8220;middle&#8220; css=&#8220;.vc_custom_1550674512452{padding-top: 50px !important;padding-bottom: 0px !important;}&#8220;][vc_column]<div class=\"gallery-block-wrap  \"><div class=\"wpb_row vc_row-fluid gallery-block-container\"><div class=\"gallery-contents  margin-no\"><div class=\"gallery-grid-sizer vc_col-sm-3\"><\/div><div class=\"element gallery-item vc_col-sm-6\"><div class=\"portfolio-container portfolio-gallery_style1\"><div class=\"portfolio-img\"><img decoding=\"async\" src=\"https:\/\/www.appartamentilorella.it\/wp-content\/uploads\/2019\/02\/\u252c\u00aeR.Ridi6889-600x600.jpg\" alt=\"\"><\/div><div class=\"portfolio-hover\"><div class=\"gallery-icons\"><div class=\"center-wrap\"><a href=\"https:\/\/www.appartamentilorella.it\/wp-content\/uploads\/2019\/02\/\u252c\u00aeR.Ridi6889-1920x1020.jpg\" class=\"port-icon-hover popup-gallery\" data-title=\"\u252c\u00aeR.Ridi6889\"><i class=\"pixicon-plus\"><\/i><\/a><\/div><\/div><\/div><\/div><\/div><div class=\"element gallery-item vc_col-sm-3\"><div class=\"portfolio-container portfolio-gallery_style1\"><div class=\"portfolio-img\"><img decoding=\"async\" src=\"https:\/\/www.appartamentilorella.it\/wp-content\/uploads\/2019\/02\/\u252c\u00aeR.Ridi0127OD-300x300.jpg\" alt=\"\"><\/div><div class=\"portfolio-hover\"><div class=\"gallery-icons\"><div class=\"center-wrap\"><a href=\"https:\/\/www.appartamentilorella.it\/wp-content\/uploads\/2019\/02\/\u252c\u00aeR.Ridi0127OD-1920x1020.jpg\" class=\"port-icon-hover popup-gallery\" data-title=\"\u252c\u00aeR.Ridi0127OD\"><i class=\"pixicon-plus\"><\/i><\/a><\/div><\/div><\/div><\/div><\/div><div class=\"element gallery-item vc_col-sm-3\"><div class=\"portfolio-container portfolio-gallery_style1\"><div class=\"portfolio-img\"><img decoding=\"async\" src=\"https:\/\/www.appartamentilorella.it\/wp-content\/uploads\/2019\/02\/\u252c\u00aeR.Ridi0941OD-300x300.jpg\" alt=\"\"><\/div><div class=\"portfolio-hover\"><div class=\"gallery-icons\"><div class=\"center-wrap\"><a href=\"https:\/\/www.appartamentilorella.it\/wp-content\/uploads\/2019\/02\/\u252c\u00aeR.Ridi0941OD-1920x1020.jpg\" class=\"port-icon-hover popup-gallery\" data-title=\"\u252c\u00aeR.Ridi0941OD\"><i class=\"pixicon-plus\"><\/i><\/a><\/div><\/div><\/div><\/div><\/div><div class=\"element gallery-item vc_col-sm-3\"><div class=\"portfolio-container portfolio-gallery_style1\"><div class=\"portfolio-img\"><img decoding=\"async\" src=\"https:\/\/www.appartamentilorella.it\/wp-content\/uploads\/2019\/02\/\u252c\u00aeR.Ridi5180MA-300x300.jpg\" alt=\"\"><\/div><div class=\"portfolio-hover\"><div class=\"gallery-icons\"><div class=\"center-wrap\"><a href=\"https:\/\/www.appartamentilorella.it\/wp-content\/uploads\/2019\/02\/\u252c\u00aeR.Ridi5180MA-1920x1020.jpg\" class=\"port-icon-hover popup-gallery\" data-title=\"\u252c\u00aeR.Ridi5180MA\"><i class=\"pixicon-plus\"><\/i><\/a><\/div><\/div><\/div><\/div><\/div><div class=\"element gallery-item vc_col-sm-3\"><div class=\"portfolio-container portfolio-gallery_style1\"><div class=\"portfolio-img\"><img decoding=\"async\" src=\"https:\/\/www.appartamentilorella.it\/wp-content\/uploads\/2019\/02\/\u252c\u00aeR.Ridi1424OD-300x300.jpg\" alt=\"\"><\/div><div class=\"portfolio-hover\"><div class=\"gallery-icons\"><div class=\"center-wrap\"><a href=\"https:\/\/www.appartamentilorella.it\/wp-content\/uploads\/2019\/02\/\u252c\u00aeR.Ridi1424OD-1920x1020.jpg\" class=\"port-icon-hover popup-gallery\" data-title=\"\u252c\u00aeR.Ridi1424OD\"><i class=\"pixicon-plus\"><\/i><\/a><\/div><\/div><\/div><\/div><\/div><\/div><\/div><\/div>[\/vc_column][\/vc_row][vc_row css=&#8220;.vc_custom_1550238122675{padding-top: 50px !important;padding-bottom: 0px !important;}&#8220;][vc_column][vc_column_text]Unbedingt einen Besuch wert sind die Residenz von Napoleon, die antiken Eisenminen und die D\u00f6rfer, in deren Gassen Sie spazieren, einkaufen oder eine Erfrischung zu sich nehmen k\u00f6nnen. F\u00fcr Nachtschw\u00e4rmer gibt es ferner Pubs, Kneipen und Diskotheken.[\/vc_column_text][\/vc_column][\/vc_row][vc_row css=&#8220;.vc_custom_1550238122675{padding-top: 50px !important;padding-bottom: 0px !important;}&#8220;][vc_column][vc_gmaps link=&#8220;#E-8_JTNDaWZyYW1lJTIwc3JjJTNEJTIyaHR0cHMlM0ElMkYlMkZ3d3cuZ29vZ2xlLmNvbSUyRm1hcHMlMkZlbWJlZCUzRnBiJTNEJTIxMW0xNCUyMTFtMTIlMjExbTMlMjExZDkzNzAzLjA2Mjk1MjMyNyUyMTJkMTAuMjgzMjY4Mzc3Mjc5OTc2JTIxM2Q0Mi43ODM2ODM2MTg5MTg5MTQlMjEybTMlMjExZjAlMjEyZjAlMjEzZjAlMjEzbTIlMjExaTEwMjQlMjEyaTc2OCUyMTRmMTMuMSUyMTVlMCUyMTNtMiUyMTFzaXQlMjEyc2l0JTIxNHYxNTU1NDIyOTc0Mzc2JTIxNW0yJTIxMXNpdCUyMTJzaXQlMjIlMjB3aWR0aCUzRCUyMjYwMCUyMiUyMGhlaWdodCUzRCUyMjQ1MCUyMiUyMGZyYW1lYm9yZGVyJTNEJTIyMCUyMiUyMHN0eWxlJTNEJTIyYm9yZGVyJTNBMCUyMiUyMGFsbG93ZnVsbHNjcmVlbiUzRSUzQyUyRmlmcmFtZSUzRQ==&#8220;][\/vc_column][\/vc_row][vc_row content_placement=&#8220;middle&#8220; css=&#8220;.vc_custom_1550674512452{padding-top: 50px !important;padding-bottom: 0px !important;}&#8220;][vc_column][vc_gallery type=&#8220;image_grid&#8220; images=&#8220;12001,12002,12003,12004&#8243; img_size=&#8220;large&#8220; grid_columns=&#8220;grid-col grid-col2&#8243;][\/vc_column][\/vc_row][vc_row css=&#8220;.vc_custom_1550238122675{padding-top: 50px !important;padding-bottom: 0px !important;}&#8220;][vc_column][vc_column_text]Dank dem reichen Angebot und den unterschiedlichen Facetten entspricht die Insel den Bed\u00fcrfnissen aller und ist ein idealer Ort f\u00fcr einen abwechslungsreich &#8211; erholenden oder einen frenetisch &#8211; vergn\u00fcglichen Urlaub. [\/vc_column_text][\/vc_column][\/vc_row][vc_row content_placement=&#8220;middle&#8220; css=&#8220;.vc_custom_1551712892554{padding-top: 50px !important;padding-bottom: 50px !important;}&#8220;][vc_column][vc_gallery type=&#8220;image_grid&#8220; images=&#8220;11879,11883,11882,11885&#8243; img_size=&#8220;large&#8220; grid_columns=&#8220;grid-col grid-col2&#8243;][\/vc_column][\/vc_row][vc_row full_width=&#8220;stretch_row_content_no_spaces&#8220; content_placement=&#8220;middle&#8220; bg_type=&#8220;image&#8220; parallax_style=&#8220;vcpb-default&#8220; bg_image_new=&#8220;id^11883|url^http:\/\/www.appartamentilorella.it\/wp-content\/uploads\/2019\/02\/\u252c\u00aeR.Ridi7584MDC.jpg|caption^null|alt^null|title^\u252c\u00aeR.Ridi7584MDC|description^null&#8220; bg_image_repeat=&#8220;no-repeat&#8220; bg_img_attach=&#8220;fixed&#8220; offset=&#8220;vc_hidden-lg vc_hidden-md vc_hidden-sm vc_hidden-xs&#8220;][vc_column css=&#8220;.vc_custom_1550674893051{padding-top: 200px !important;padding-bottom: 200px !important;}&#8220; offset=&#8220;vc_hidden-lg vc_hidden-md vc_hidden-sm vc_hidden-xs&#8220;][\/vc_column][\/vc_row]<\/p>\n<\/div>","protected":false},"excerpt":{"rendered":"<p>[vc_row css=&#8220;.vc_custom_1550674519575{padding-top: 70px !important;padding-bottom: 0px !important;}&#8220;][vc_column][vc_column_text] Die Insel Elba, Perle des Nationalparks des Toskanischen Archipels. Die Insel Elba ist 27km lang, 18km breit und hat einen Umfang von 147km, wo es \u00fcber 70 Str\u00e4nde, alle wundersch\u00f6n, aber jeder etwas anders,&#8230;<\/p>\n","protected":false},"author":1,"featured_media":0,"parent":0,"menu_order":0,"comment_status":"closed","ping_status":"closed","template":"","meta":{"footnotes":""},"class_list":["post-12920","page","type-page","status-publish","hentry"],"_links":{"self":[{"href":"https:\/\/www.appartamentilorella.it\/de\/wp-json\/wp\/v2\/pages\/12920","targetHints":{"allow":["GET"]}}],"collection":[{"href":"https:\/\/www.appartamentilorella.it\/de\/wp-json\/wp\/v2\/pages"}],"about":[{"href":"https:\/\/www.appartamentilorella.it\/de\/wp-json\/wp\/v2\/types\/page"}],"author":[{"embeddable":true,"href":"https:\/\/www.appartamentilorella.it\/de\/wp-json\/wp\/v2\/users\/1"}],"replies":[{"embeddable":true,"href":"https:\/\/www.appartamentilorella.it\/de\/wp-json\/wp\/v2\/comments?post=12920"}],"version-history":[{"count":4,"href":"https:\/\/www.appartamentilorella.it\/de\/wp-json\/wp\/v2\/pages\/12920\/revisions"}],"predecessor-version":[{"id":13192,"href":"https:\/\/www.appartamentilorella.it\/de\/wp-json\/wp\/v2\/pages\/12920\/revisions\/13192"}],"wp:attachment":[{"href":"https:\/\/www.appartamentilorella.it\/de\/wp-json\/wp\/v2\/media?parent=12920"}],"curies":[{"name":"wp","href":"https:\/\/api.w.org\/{rel}","templated":true}]}}