{"id":12914,"date":"2019-02-15T10:24:11","date_gmt":"2019-02-15T09:24:11","guid":{"rendered":"http:\/\/www.appartamentilorella.it\/dove-siamo\/"},"modified":"2019-05-09T12:25:02","modified_gmt":"2019-05-09T10:25:02","slug":"wo-wir-sind","status":"publish","type":"page","link":"https:\/\/www.appartamentilorella.it\/de\/wo-wir-sind\/","title":{"rendered":"Wo wir sind"},"content":{"rendered":"<div class=\"wpb-content-wrapper\"><p>[vc_row full_width=&#8220;stretch_row_content_no_spaces&#8220; css=&#8220;.vc_custom_1550225729606{margin-top: 0px !important;margin-bottom: 0px !important;border-top-width: 0px !important;border-bottom-width: 0px !important;padding-top: 0px !important;padding-bottom: 0px !important;}&#8220;][vc_column width=&#8220;1\/2&#8243; css=&#8220;.vc_custom_1550224449001{margin-top: 0px !important;margin-bottom: 0px !important;border-top-width: 0px !important;border-bottom-width: 0px !important;padding-top: 7% !important;padding-right: 7% !important;padding-bottom: 7% !important;padding-left: 7% !important;}&#8220;]<div id=\"ultimate-heading-678869efb9c13c205\" class=\"uvc-heading ult-adjust-bottom-margin ultimate-heading-678869efb9c13c205 uvc-3481 \" data-hspacer=\"no_spacer\"  data-halign=\"center\" style=\"text-align:center\"><div class=\"uvc-heading-spacer no_spacer\" style=\"top\"><\/div><div class=\"uvc-main-heading ult-responsive\"  data-ultimate-target='.uvc-heading.ultimate-heading-678869efb9c13c205 h2'  data-responsive-json-new='{\"font-size\":\"\",\"line-height\":\"\"}' ><h2 style=\"font-weight:normal;\">Lacona<\/h2><\/div><\/div>[vc_empty_space][vc_column_text]Lacona ist ein kleines Zentrum an der S\u00fcdk\u00fcste Elbas, das in der Bucht mit demselben Namen liegt. Mitten im Gr\u00fcn der mediterranen Macchia gelegen, bietet sich Lacona f\u00fcr einen einzigartigen und unvergesslichen Urlaub an, w\u00e4hrend dem Sie auf keine Annehmlichkeit verzichten m\u00fcssen: Bars, Restaurants, Pizzerien, Bank, Apotheke, Auto\/Moto\/Mountainbike-Vermietung, Kioske, Bazars, Tabakl\u00e4den, Spielplatz und vieles mehr.<\/p>\n<p>Wer abwechslungsreiche Abende mag, erreicht die gr\u00f6\u00dferen Orte Elbas (8km bis Portoferraio, 12km bis Capoliveri, 10km bis Porto Azzurro, 10km bis Marina di Campo) in nur wenigen Autominuten.[\/vc_column_text][\/vc_column][vc_column width=&#8220;1\/2&#8243; css=&#8220;.vc_custom_1550224439451{margin-top: 0px !important;margin-bottom: 0px !important;border-top-width: 0px !important;border-bottom-width: 0px !important;padding-top: 0px !important;padding-bottom: 0px !important;}&#8220;]<div class=\"composer-primary-slider arrow-style-2\" data-items=\"1\" data-loop=\"true\" data-autoplay=\"true\" data-autoplay-timeout=\"5000\" data-nav=\"true\" data-autoplay_hover_pause=\"true\" data-dots=\"false\" data-animate-in=\"false\" data-animate-out=\"false\" data-touch-drag=\"true\" data-mouse-drag=\"true\"><div class=\"slider-content align-center  vc_custom_1555424801977\"><div class=\"slider-wrap\"><div class=\"slider-wrap-inner\"><h2 class=\"slide-title\"><\/h2><p class=\"slide-content\"><\/p><\/div><\/div><\/div><div class=\"slider-content align-center  vc_custom_1555424820278\"><div class=\"slider-wrap\"><div class=\"slider-wrap-inner\"><h2 class=\"slide-title\"><\/h2><p class=\"slide-content\"><\/p><\/div><\/div><\/div><div class=\"slider-content align-center  vc_custom_1557397551325\"><div class=\"slider-wrap\"><div class=\"slider-wrap-inner\"><h2 class=\"slide-title\"><\/h2><p class=\"slide-content\"><\/p><\/div><\/div><\/div><\/div>[\/vc_column][\/vc_row][vc_row full_width=&#8220;stretch_row_content_no_spaces&#8220; css=&#8220;.vc_custom_1550225729606{margin-top: 0px !important;margin-bottom: 0px !important;border-top-width: 0px !important;border-bottom-width: 0px !important;padding-top: 0px !important;padding-bottom: 0px !important;}&#8220;][vc_column width=&#8220;1\/2&#8243; css=&#8220;.vc_custom_1550227683909{margin-top: 0px !important;margin-bottom: 0px !important;border-top-width: 0px !important;border-bottom-width: 0px !important;padding-top: 0px !important;padding-right: 0px !important;padding-bottom: 0px !important;padding-left: 0px !important;}&#8220;]<div class=\"composer-primary-slider arrow-style-2\" data-items=\"1\" data-loop=\"true\" data-autoplay=\"true\" data-autoplay-timeout=\"5000\" data-nav=\"true\" data-autoplay_hover_pause=\"true\" data-dots=\"false\" data-animate-in=\"false\" data-animate-out=\"false\" data-touch-drag=\"true\" data-mouse-drag=\"true\"><div class=\"slider-content align-center  vc_custom_1554892215927\"><div class=\"slider-wrap\"><div class=\"slider-wrap-inner\"><h2 class=\"slide-title\"><\/h2><p class=\"slide-content\"><\/p><\/div><\/div><\/div><div class=\"slider-content align-center  vc_custom_1555424946213\"><div class=\"slider-wrap\"><div class=\"slider-wrap-inner\"><h2 class=\"slide-title\"><\/h2><p class=\"slide-content\"><\/p><\/div><\/div><\/div><div class=\"slider-content align-center  vc_custom_1555424985091\"><div class=\"slider-wrap\"><div class=\"slider-wrap-inner\"><h2 class=\"slide-title\"><\/h2><p class=\"slide-content\"><\/p><\/div><\/div><\/div><\/div>[\/vc_column][vc_column width=&#8220;1\/2&#8243; css=&#8220;.vc_custom_1550227700601{margin-top: 0px !important;margin-bottom: 0px !important;border-top-width: 0px !important;border-bottom-width: 0px !important;padding-top: 7% !important;padding-right: 7% !important;padding-bottom: 7% !important;padding-left: 7% !important;}&#8220;]<div id=\"ultimate-heading-147069efb9c13c713\" class=\"uvc-heading ult-adjust-bottom-margin ultimate-heading-147069efb9c13c713 uvc-5935 \" data-hspacer=\"no_spacer\"  data-halign=\"center\" style=\"text-align:center\"><div class=\"uvc-heading-spacer no_spacer\" style=\"top\"><\/div><div class=\"uvc-main-heading ult-responsive\"  data-ultimate-target='.uvc-heading.ultimate-heading-147069efb9c13c713 h2'  data-responsive-json-new='{\"font-size\":\"\",\"line-height\":\"\"}' ><h2 style=\"font-weight:normal;\">Lacona Str\u00e4nde<\/h2><\/div><\/div>[vc_empty_space][vc_column_text]Lacona: (1200m L\u00e4nge) einer der am meisten besuchten Str\u00e4nde der ganzen Insel. Der Strand ist frei zug\u00e4nglich und liegt im Gr\u00fcnen. Der feine wei\u00dfe Sand geht ins wundersch\u00f6ne, aber wenig tiefe Meer \u00fcber und ist deshalb ideal f\u00fcr Kinder. Der Strand ist mit allen Dienstleistungen versehen: Bars, Restaurants, Pizzerie, Vermietung von Sonnenschirmen und \u2013 liegen, Boots-, Gummiboot- und Pedaloverleih, Beach-Volleyballfelder, Tauch-\/Windsurfschule und vieles mehr.<\/p>\n<p>Laconella: (150m L\u00e4nge) kleiner Sandstrand, ruhig und windgesch\u00fctzt gelegen, wo die Wassertemperatur oft optimal und die Wassertiefe niedrig ist.<\/p>\n<p>Margidore: (350m L\u00e4nge) Kiesstrand, der am Anfang der Halbinsel von Capo Stella und dem gleichnamigen kleinen Hafen liegt. Er ist gut gesch\u00fctzt und deshalb ideal f\u00fcr Kinder und unge\u00fcbte Schwimmer sowie f\u00fcr alle, die auch w\u00e4hrend der Hochsaison ein ruhiges Pl\u00e4tzchen suchen.[\/vc_column_text][\/vc_column][\/vc_row][vc_row full_width=&#8220;stretch_row_content_no_spaces&#8220; equal_height=&#8220;yes&#8220; css=&#8220;.vc_custom_1551708623522{margin-top: 0px !important;margin-bottom: 0px !important;border-top-width: 0px !important;border-bottom-width: 0px !important;padding-top: 0px !important;padding-bottom: 0px !important;}&#8220;][vc_column width=&#8220;1\/2&#8243; css=&#8220;.vc_custom_1550224449001{margin-top: 0px !important;margin-bottom: 0px !important;border-top-width: 0px !important;border-bottom-width: 0px !important;padding-top: 7% !important;padding-right: 7% !important;padding-bottom: 7% !important;padding-left: 7% !important;}&#8220;]<div id=\"ultimate-heading-983769efb9c13c75f\" class=\"uvc-heading ult-adjust-bottom-margin ultimate-heading-983769efb9c13c75f uvc-852 \" data-hspacer=\"no_spacer\"  data-halign=\"center\" style=\"text-align:center\"><div class=\"uvc-heading-spacer no_spacer\" style=\"top\"><\/div><div class=\"uvc-main-heading ult-responsive\"  data-ultimate-target='.uvc-heading.ultimate-heading-983769efb9c13c75f h2'  data-responsive-json-new='{\"font-size\":\"\",\"line-height\":\"\"}' ><h2 style=\"font-weight:normal;\">Die Wanderwege<\/h2><\/div><\/div>[vc_empty_space][vc_column_text]Die Ortschaft Lacona, umgeben von der wundersch\u00f6nen gr\u00fcnen Landschaft, ist der ideale Ort f\u00fcr diejenigen, die das Strandleben mit Aktivit\u00e4ten im Freien mit entspannenden und spannenden Radwegen mit dem Mountainbike auswechseln m\u00f6chten.<\/p>\n<p>Dank den 17 Wegen, 50 km von Wanderwegen und atemberaubenden Aussichten ist der Lacona Trekking Park der ideale Ort, um die Natur der Insel Elba zu genie\u00dfen. Kilometer von Wanderwegen und von Emotionen auf die Entdeckung eines wunderbaren Ortes.<\/p>\n<p>In der Umgebung sind die Wanderwege durch Holzpfeilen markiert und sind mit einer Nummer und mit einer Farbe gekennzeichnet, die die Umgebung identifiziert. F\u00fcr weitere Informationen steht eine gef\u00fchrte Karte bei unserer Rezeption zur Verf\u00fcgung, wir sind immer bereit, Angabe und detaillierte Infos f\u00fcr die Interessenten zu erteilen.[\/vc_column_text][\/vc_column][vc_column width=&#8220;1\/2&#8243; css=&#8220;.vc_custom_1551708566957{margin-top: 0px !important;margin-bottom: 0px !important;border-top-width: 0px !important;border-bottom-width: 0px !important;padding-top: 0px !important;padding-bottom: 0px !important;background-position: center !important;background-repeat: no-repeat !important;background-size: cover !important;}&#8220;][vc_single_image image=&#8220;11978&#8243; img_size=&#8220;full&#8220; alignment=&#8220;center&#8220; css=&#8220;.vc_custom_1551708681715{margin-top: 0px !important;margin-right: 0px !important;margin-bottom: 0px !important;margin-left: 0px !important;border-top-width: 0px !important;border-right-width: 0px !important;border-bottom-width: 0px !important;border-left-width: 0px !important;padding-top: 0px !important;padding-right: 0px !important;padding-bottom: 0px !important;padding-left: 0px !important;}&#8220;][\/vc_column][\/vc_row][vc_row full_width=&#8220;stretch_row_content_no_spaces&#8220; css=&#8220;.vc_custom_1550227926834{margin-top: 0px !important;margin-bottom: 0px !important;border-top-width: 0px !important;border-bottom-width: 0px !important;padding-top: 0px !important;padding-bottom: 0px !important;}&#8220;][vc_column css=&#8220;.vc_custom_1550227935970{margin-top: 0px !important;margin-bottom: 0px !important;border-top-width: 0px !important;border-bottom-width: 0px !important;padding-top: 0px !important;padding-bottom: 0px !important;}&#8220;][vc_masonry_media_grid element_width=&#8220;3&#8243; gap=&#8220;0&#8243; item=&#8220;mediaGrid_Default&#8220; grid_id=&#8220;vc_gid:1557397537242-86ad2c40-72c1-5&#8243; include=&#8220;11856,11854,11938,11855&#8243; css=&#8220;.vc_custom_1550672500505{margin-top: 0px !important;margin-bottom: 0px !important;border-top-width: 0px !important;border-bottom-width: 0px !important;padding-top: 0px !important;padding-bottom: 0px !important;}&#8220;][\/vc_column][\/vc_row]<\/p>\n<\/div>","protected":false},"excerpt":{"rendered":"<p>[vc_row full_width=&#8220;stretch_row_content_no_spaces&#8220; css=&#8220;.vc_custom_1550225729606{margin-top: 0px !important;margin-bottom: 0px !important;border-top-width: 0px !important;border-bottom-width: 0px !important;padding-top: 0px !important;padding-bottom: 0px !important;}&#8220;][vc_column width=&#8220;1\/2&#8243; css=&#8220;.vc_custom_1550224449001{margin-top: 0px !important;margin-bottom: 0px !important;border-top-width: 0px !important;border-bottom-width: 0px !important;padding-top: 7% !important;padding-right: 7% !important;padding-bottom: 7% !important;padding-left: 7% !important;}&#8220;][vc_empty_space][vc_column_text]Lacona ist ein kleines Zentrum an der S\u00fcdk\u00fcste&#8230;<\/p>\n","protected":false},"author":1,"featured_media":0,"parent":0,"menu_order":0,"comment_status":"closed","ping_status":"closed","template":"","meta":{"footnotes":""},"class_list":["post-12914","page","type-page","status-publish","hentry"],"_links":{"self":[{"href":"https:\/\/www.appartamentilorella.it\/de\/wp-json\/wp\/v2\/pages\/12914","targetHints":{"allow":["GET"]}}],"collection":[{"href":"https:\/\/www.appartamentilorella.it\/de\/wp-json\/wp\/v2\/pages"}],"about":[{"href":"https:\/\/www.appartamentilorella.it\/de\/wp-json\/wp\/v2\/types\/page"}],"author":[{"embeddable":true,"href":"https:\/\/www.appartamentilorella.it\/de\/wp-json\/wp\/v2\/users\/1"}],"replies":[{"embeddable":true,"href":"https:\/\/www.appartamentilorella.it\/de\/wp-json\/wp\/v2\/comments?post=12914"}],"version-history":[{"count":5,"href":"https:\/\/www.appartamentilorella.it\/de\/wp-json\/wp\/v2\/pages\/12914\/revisions"}],"predecessor-version":[{"id":13228,"href":"https:\/\/www.appartamentilorella.it\/de\/wp-json\/wp\/v2\/pages\/12914\/revisions\/13228"}],"wp:attachment":[{"href":"https:\/\/www.appartamentilorella.it\/de\/wp-json\/wp\/v2\/media?parent=12914"}],"curies":[{"name":"wp","href":"https:\/\/api.w.org\/{rel}","templated":true}]}}