{"id":12898,"date":"2019-03-05T13:36:17","date_gmt":"2019-03-05T12:36:17","guid":{"rendered":"http:\/\/www.appartamentilorella.it\/wohnungen\/melograno\/"},"modified":"2019-04-10T12:56:30","modified_gmt":"2019-04-10T10:56:30","slug":"melograno","status":"publish","type":"page","link":"https:\/\/www.appartamentilorella.it\/de\/wohnungen\/melograno\/","title":{"rendered":"Melograno"},"content":{"rendered":"<div class=\"wpb-content-wrapper\"><p>[vc_row css=&#8220;.vc_custom_1551775754252{padding-top: 50px !important;padding-bottom: 0px !important;}&#8220;][vc_column width=&#8220;1\/2&#8243;]<div id=\"ultimate-heading-823569df1daf0807d\" class=\"uvc-heading ult-adjust-bottom-margin ultimate-heading-823569df1daf0807d uvc-8670 \" data-hspacer=\"no_spacer\"  data-halign=\"right\" style=\"text-align:right\"><div class=\"uvc-heading-spacer no_spacer\" style=\"top\"><\/div><div class=\"uvc-main-heading ult-responsive\"  data-ultimate-target='.uvc-heading.ultimate-heading-823569df1daf0807d h2'  data-responsive-json-new='{\"font-size\":\"\",\"line-height\":\"\"}' ><h2 style=\"font-weight:normal;margin-top:30px;\">Die Wohnungen<\/h2><\/div><\/div>[\/vc_column][vc_column width=&#8220;1\/2&#8243;][vc_single_image image=&#8220;11963&#8243; img_size=&#8220;full&#8220;][\/vc_column][\/vc_row][vc_row full_width=&#8220;stretch_row_content_no_spaces&#8220; css=&#8220;.vc_custom_1551785876982{margin-top: 0px !important;margin-bottom: 0px !important;border-top-width: 0px !important;border-bottom-width: 0px !important;padding-top: 0px !important;padding-bottom: 0px !important;background-color: #f7f7f7 !important;}&#8220;][vc_column width=&#8220;1\/2&#8243; css=&#8220;.vc_custom_1551784237534{padding-top: 5% !important;padding-right: 5% !important;padding-bottom: 5% !important;padding-left: 5% !important;}&#8220;]<div id=\"ultimate-heading-649969df1daf080f9\" class=\"uvc-heading ult-adjust-bottom-margin ultimate-heading-649969df1daf080f9 uvc-6332 \" data-hspacer=\"no_spacer\"  data-halign=\"center\" style=\"text-align:center\"><div class=\"uvc-heading-spacer no_spacer\" style=\"top\"><\/div><div class=\"uvc-main-heading ult-responsive\"  data-ultimate-target='.uvc-heading.ultimate-heading-649969df1daf080f9 h3'  data-responsive-json-new='{\"font-size\":\"\",\"line-height\":\"\"}' ><h3 style=\"font-weight:normal;\">Bilocali<\/h3><\/div><\/div>[vc_column_text]Die Zweizimmerwohnungen verf\u00fcgen \u00fcber Schlafzimmer mit Doppel- und Einzelbett, Wohnraum mit einem Schlafplatz, Kochnische, Badezimmer, kleinen Balkon mit W\u00e4schest\u00e4nder sowie gro\u00dfen Balkon (im ersten Stock) bzw. Laube, wo gegessen werden kann.<\/p>\n<p>Alle Wohnungen verf\u00fcgen \u00fcber Farbfernseher, Heizung f\u00fcr den Winter und schattigen Autoabstellplatz. Der w\u00f6chentliche Wechsel der Bettw\u00e4sche und die Endreinigung sind im Preis inbegriffen. [\/vc_column_text][vc_single_image image=&#8220;12103&#8243; img_size=&#8220;medium&#8220; add_caption=&#8220;yes&#8220; alignment=&#8220;center&#8220; onclick=&#8220;link_image&#8220;][\/vc_column][vc_column width=&#8220;1\/2&#8243; css=&#8220;.vc_custom_1551784423121{margin-top: 0px !important;margin-bottom: 0px !important;border-top-width: 0px !important;border-bottom-width: 0px !important;padding-top: 0px !important;padding-bottom: 0px !important;}&#8220;]<div class=\"gallery-block-wrap  \"><div class=\"wpb_row vc_row-fluid gallery-block-container\"><div class=\"gallery-contents  margin-no\"><div class=\"gallery-grid-sizer vc_col-sm-3\"><\/div><div class=\"element gallery-item vc_col-sm-6\"><div class=\"portfolio-container portfolio-gallery_style1\"><div class=\"portfolio-img\"><img decoding=\"async\" src=\"https:\/\/www.appartamentilorella.it\/wp-content\/uploads\/2019\/03\/Camer-da-letto-bilo-600x600.jpg\" alt=\"\"><\/div><div class=\"portfolio-hover\"><div class=\"gallery-icons\"><div class=\"center-wrap\"><a href=\"https:\/\/www.appartamentilorella.it\/wp-content\/uploads\/2019\/03\/Camer-da-letto-bilo-1920x1020.jpg\" class=\"port-icon-hover popup-gallery\" data-title=\"Camer da letto bilo\"><i class=\"pixicon-plus\"><\/i><\/a><\/div><\/div><\/div><\/div><\/div><div class=\"element gallery-item vc_col-sm-3\"><div class=\"portfolio-container portfolio-gallery_style1\"><div class=\"portfolio-img\"><img decoding=\"async\" src=\"https:\/\/www.appartamentilorella.it\/wp-content\/uploads\/2019\/03\/Bagno-bilo-1-300x300.jpg\" alt=\"\"><\/div><div class=\"portfolio-hover\"><div class=\"gallery-icons\"><div class=\"center-wrap\"><a href=\"https:\/\/www.appartamentilorella.it\/wp-content\/uploads\/2019\/03\/Bagno-bilo-1.jpg\" class=\"port-icon-hover popup-gallery\" data-title=\"Bagno bilo\"><i class=\"pixicon-plus\"><\/i><\/a><\/div><\/div><\/div><\/div><\/div><div class=\"element gallery-item vc_col-sm-3\"><div class=\"portfolio-container portfolio-gallery_style1\"><div class=\"portfolio-img\"><img decoding=\"async\" src=\"https:\/\/www.appartamentilorella.it\/wp-content\/uploads\/2019\/03\/Camera-da-letto-bilo-3-300x300.jpg\" alt=\"\"><\/div><div class=\"portfolio-hover\"><div class=\"gallery-icons\"><div class=\"center-wrap\"><a href=\"https:\/\/www.appartamentilorella.it\/wp-content\/uploads\/2019\/03\/Camera-da-letto-bilo-3.jpg\" class=\"port-icon-hover popup-gallery\" data-title=\"Camera da letto bilo 3\"><i class=\"pixicon-plus\"><\/i><\/a><\/div><\/div><\/div><\/div><\/div><div class=\"element gallery-item vc_col-sm-3\"><div class=\"portfolio-container portfolio-gallery_style1\"><div class=\"portfolio-img\"><img decoding=\"async\" src=\"https:\/\/www.appartamentilorella.it\/wp-content\/uploads\/2019\/03\/Soggiorno-Bilo--300x300.jpg\" alt=\"\"><\/div><div class=\"portfolio-hover\"><div class=\"gallery-icons\"><div class=\"center-wrap\"><a href=\"https:\/\/www.appartamentilorella.it\/wp-content\/uploads\/2019\/03\/Soggiorno-Bilo-.jpg\" class=\"port-icon-hover popup-gallery\" data-title=\"Soggiorno Bilo\"><i class=\"pixicon-plus\"><\/i><\/a><\/div><\/div><\/div><\/div><\/div><div class=\"element gallery-item vc_col-sm-3\"><div class=\"portfolio-container portfolio-gallery_style1\"><div class=\"portfolio-img\"><img decoding=\"async\" src=\"https:\/\/www.appartamentilorella.it\/wp-content\/uploads\/2019\/03\/Soggiorno-bilo-2-300x300.jpg\" alt=\"\"><\/div><div class=\"portfolio-hover\"><div class=\"gallery-icons\"><div class=\"center-wrap\"><a href=\"https:\/\/www.appartamentilorella.it\/wp-content\/uploads\/2019\/03\/Soggiorno-bilo-2.jpg\" class=\"port-icon-hover popup-gallery\" data-title=\"Soggiorno bilo 2\"><i class=\"pixicon-plus\"><\/i><\/a><\/div><\/div><\/div><\/div><\/div><\/div><\/div><\/div>[\/vc_column][\/vc_row][vc_row css=&#8220;.vc_custom_1551786152116{padding-top: 70px !important;padding-bottom: 50px !important;}&#8220;][vc_column]<div id=\"ultimate-heading-320469df1daf0ad18\" class=\"uvc-heading ult-adjust-bottom-margin ultimate-heading-320469df1daf0ad18 uvc-8838 \" data-hspacer=\"no_spacer\"  data-halign=\"center\" style=\"text-align:center\"><div class=\"uvc-heading-spacer no_spacer\" style=\"top\"><\/div><div class=\"uvc-main-heading ult-responsive\"  data-ultimate-target='.uvc-heading.ultimate-heading-320469df1daf0ad18 h3'  data-responsive-json-new='{\"font-size\":\"\",\"line-height\":\"\"}' ><h3 style=\"font-weight:normal;margin-bottom:30px;\">Au\u00dfenansicht<\/h3><\/div><\/div>[vc_gallery type=&#8220;flexslider_slide&#8220; interval=&#8220;3&#8243; images=&#8220;12104,12106,12107,12108,12109,12110&#8243; img_size=&#8220;large&#8220;][\/vc_column][\/vc_row]<\/p>\n<\/div>","protected":false},"excerpt":{"rendered":"<p>[vc_row css=&#8220;.vc_custom_1551775754252{padding-top: 50px !important;padding-bottom: 0px !important;}&#8220;][vc_column width=&#8220;1\/2&#8243;][\/vc_column][vc_column width=&#8220;1\/2&#8243;][vc_single_image image=&#8220;11963&#8243; img_size=&#8220;full&#8220;][\/vc_column][\/vc_row][vc_row full_width=&#8220;stretch_row_content_no_spaces&#8220; css=&#8220;.vc_custom_1551785876982{margin-top: 0px !important;margin-bottom: 0px !important;border-top-width: 0px !important;border-bottom-width: 0px !important;padding-top: 0px !important;padding-bottom: 0px !important;background-color: #f7f7f7 !important;}&#8220;][vc_column width=&#8220;1\/2&#8243; css=&#8220;.vc_custom_1551784237534{padding-top: 5% !important;padding-right: 5% !important;padding-bottom: 5% !important;padding-left: 5% !important;}&#8220;][vc_column_text]Die Zweizimmerwohnungen verf\u00fcgen \u00fcber Schlafzimmer&#8230;<\/p>\n","protected":false},"author":1,"featured_media":0,"parent":12882,"menu_order":0,"comment_status":"closed","ping_status":"closed","template":"","meta":{"footnotes":""},"class_list":["post-12898","page","type-page","status-publish","hentry"],"_links":{"self":[{"href":"https:\/\/www.appartamentilorella.it\/de\/wp-json\/wp\/v2\/pages\/12898","targetHints":{"allow":["GET"]}}],"collection":[{"href":"https:\/\/www.appartamentilorella.it\/de\/wp-json\/wp\/v2\/pages"}],"about":[{"href":"https:\/\/www.appartamentilorella.it\/de\/wp-json\/wp\/v2\/types\/page"}],"author":[{"embeddable":true,"href":"https:\/\/www.appartamentilorella.it\/de\/wp-json\/wp\/v2\/users\/1"}],"replies":[{"embeddable":true,"href":"https:\/\/www.appartamentilorella.it\/de\/wp-json\/wp\/v2\/comments?post=12898"}],"version-history":[{"count":2,"href":"https:\/\/www.appartamentilorella.it\/de\/wp-json\/wp\/v2\/pages\/12898\/revisions"}],"predecessor-version":[{"id":12901,"href":"https:\/\/www.appartamentilorella.it\/de\/wp-json\/wp\/v2\/pages\/12898\/revisions\/12901"}],"up":[{"embeddable":true,"href":"https:\/\/www.appartamentilorella.it\/de\/wp-json\/wp\/v2\/pages\/12882"}],"wp:attachment":[{"href":"https:\/\/www.appartamentilorella.it\/de\/wp-json\/wp\/v2\/media?parent=12898"}],"curies":[{"name":"wp","href":"https:\/\/api.w.org\/{rel}","templated":true}]}}