{"id":12882,"date":"2019-02-12T12:49:55","date_gmt":"2019-02-12T11:49:55","guid":{"rendered":"http:\/\/www.appartamentilorella.it\/appartamenti\/"},"modified":"2019-04-10T12:44:13","modified_gmt":"2019-04-10T10:44:13","slug":"wohnungen","status":"publish","type":"page","link":"https:\/\/www.appartamentilorella.it\/de\/wohnungen\/","title":{"rendered":"Wohnungen"},"content":{"rendered":"<div class=\"wpb-content-wrapper\"><p>[vc_row css=&#8220;.vc_custom_1553863864629{padding-bottom: 0px !important;}&#8220;][vc_column width=&#8220;1\/2&#8243;][vc_row_inner][vc_column_inner width=&#8220;1\/2&#8243;][vc_single_image image=&#8220;11775&#8243; img_size=&#8220;full&#8220; alignment=&#8220;center&#8220;][\/vc_column_inner][vc_column_inner width=&#8220;1\/2&#8243;]<div id=\"ultimate-heading-135769e1bf9787f48\" class=\"uvc-heading ult-adjust-bottom-margin ultimate-heading-135769e1bf9787f48 uvc-4178 \" data-hspacer=\"no_spacer\"  data-halign=\"left\" style=\"text-align:left\"><div class=\"uvc-heading-spacer no_spacer\" style=\"top\"><\/div><div class=\"uvc-main-heading ult-responsive\"  data-ultimate-target='.uvc-heading.ultimate-heading-135769e1bf9787f48 h2'  data-responsive-json-new='{\"font-size\":\"\",\"line-height\":\"\"}' ><h2 style=\"font-weight:normal;margin-top:10px;margin-bottom:20px;\">Le Palme<\/h2><\/div><\/div>[\/vc_column_inner][\/vc_row_inner][vc_column_text]Ein Wohnungen Komplex in 80m Entfernung vom Strand, der \u00fcber alle Wohnungstypen verf\u00fcgt: Einz. mit 3 Schlafpl\u00e4tzen, Zweiz. mit 5\/6 Schlafpl\u00e4tzen, Dreiz. mit 5 Schlafpl\u00e4tzen.<\/p>\n<p>F\u00fcr Momente der Ruhe und Entspannung steht Ihnen eine 1000m2 gro\u00dfe Gr\u00fcnfl\u00e4che zur Verf\u00fcgung. F\u00fcr gesellige Abende mit Freunden stehen ein Tisch mit Platz f\u00fcr zehn Personen im schattigen Gartenpavillon sowie zwei gro\u00dfe Gartengrills bereit. Auf dem R\u00fcckweg von Strand haben Sie die M\u00f6glichkeit, eine der Au\u00dfenduschen mit Warmwasser zu benutzen. Zu jeder Wohnung geh\u00f6rt ein schattiger Autoabstellplatz.[\/vc_column_text][\/vc_column][vc_column width=&#8220;1\/2&#8243;][vc_single_image image=&#8220;11790&#8243; img_size=&#8220;large&#8220; alignment=&#8220;center&#8220; style=&#8220;vc_box_outline&#8220; onclick=&#8220;custom_link&#8220; link=&#8220;\/de\/wohnungen\/le-palme\/&#8220;]<div class=\"pix_button \"><a href=\"\/de\/wohnungen\/le-palme\/\"  class=\"clear btn  btn-outline btn-hover-outline btn-oval  btn-md color btn-hover-color\">Einzelheiten<\/a><\/div>[\/vc_column][\/vc_row][vc_row css=&#8220;.vc_custom_1553863881587{padding-top: 80px !important;padding-bottom: 0px !important;}&#8220;][vc_column width=&#8220;1\/2&#8243;][vc_row_inner][vc_column_inner width=&#8220;1\/2&#8243;][vc_single_image image=&#8220;11963&#8243; img_size=&#8220;full&#8220; alignment=&#8220;center&#8220;][\/vc_column_inner][vc_column_inner width=&#8220;1\/2&#8243;]<div id=\"ultimate-heading-935469e1bf9788051\" class=\"uvc-heading ult-adjust-bottom-margin ultimate-heading-935469e1bf9788051 uvc-7011 \" data-hspacer=\"no_spacer\"  data-halign=\"left\" style=\"text-align:left\"><div class=\"uvc-heading-spacer no_spacer\" style=\"top\"><\/div><div class=\"uvc-main-heading ult-responsive\"  data-ultimate-target='.uvc-heading.ultimate-heading-935469e1bf9788051 h2'  data-responsive-json-new='{\"font-size\":\"\",\"line-height\":\"\"}' ><h2 style=\"font-weight:normal;margin-top:10px;margin-bottom:20px;\">Melograno<\/h2><\/div><\/div>[\/vc_column_inner][\/vc_row_inner][vc_column_text]Ein Wohnungen Geb\u00e4udekomplex, der in 50m Entfernung vom Meer liegt. Zweigeschossige Zweizimmerwohnungen mit je 4\/5 Schlafpl\u00e4tzen.<\/p>\n<p>Dem Melograno gegen\u00fcber befinden sich der neue Gartenpavillon mit einem Tisch mit Platz f\u00fcr zehn Personen, die Grillstelle, Gr\u00fcner Rasen mit Liegest\u00fchlen und eine Aussendusche mit Warmwasser.<\/p>\n<p>Zu jeder Wohnung geh\u00f6rt ein schattiger Autoabstellplatz.[\/vc_column_text][\/vc_column][vc_column width=&#8220;1\/2&#8243;][vc_single_image image=&#8220;11791&#8243; img_size=&#8220;large&#8220; alignment=&#8220;center&#8220; style=&#8220;vc_box_outline&#8220; onclick=&#8220;custom_link&#8220; link=&#8220;\/de\/wohnungen\/melograno\/&#8220;]<div class=\"pix_button \"><a href=\"\/de\/wohnungen\/melograno\/\"  class=\"clear btn  btn-outline btn-hover-outline btn-oval  btn-md color btn-hover-color\">Einzelheiten<\/a><\/div>[\/vc_column][\/vc_row][vc_row css=&#8220;.vc_custom_1553863890123{padding-top: 80px !important;}&#8220;][vc_column width=&#8220;1\/2&#8243;][vc_row_inner][vc_column_inner width=&#8220;1\/2&#8243;][vc_single_image image=&#8220;11962&#8243; img_size=&#8220;full&#8220; alignment=&#8220;center&#8220;][\/vc_column_inner][vc_column_inner width=&#8220;1\/2&#8243;]<div id=\"ultimate-heading-277069e1bf97880e1\" class=\"uvc-heading ult-adjust-bottom-margin ultimate-heading-277069e1bf97880e1 uvc-8369 \" data-hspacer=\"no_spacer\"  data-halign=\"left\" style=\"text-align:left\"><div class=\"uvc-heading-spacer no_spacer\" style=\"top\"><\/div><div class=\"uvc-main-heading ult-responsive\"  data-ultimate-target='.uvc-heading.ultimate-heading-277069e1bf97880e1 h2'  data-responsive-json-new='{\"font-size\":\"\",\"line-height\":\"\"}' ><h2 style=\"font-weight:normal;margin-top:10px;margin-bottom:20px;\">Carrubo<\/h2><\/div><\/div>[\/vc_column_inner][\/vc_row_inner][vc_column_text]Die Anlage liegt 80 Meter vom Strand entfernt und umfasst 4 neue Zweizimmerwohnungen. Jede der Wohnungen verf\u00fcgt \u00fcber 4 Schlafpl\u00e4tze, eine Terrasse und einen schattigen Parkplatz.<\/p>\n<p>In n\u00e4chster N\u00e4he der Anlage befindet sich der Entspannungsbereich der Residence Appartamenti Lorella: auf der 1000 m2 gro\u00dfen Gr\u00fcnfl\u00e4che, die allen G\u00e4sten der Residence zur Verf\u00fcgung steht, gibt es den neuen Barbecuebereich und eine Gartenlaube f\u00fcr gem\u00fctliche Abendessen in guter Gesellschaft, einen Bereich zum Sonnenbaden mit Liegen sowie einen gro\u00dfen Sandkasten f\u00fcr die Kinder.[\/vc_column_text][\/vc_column][vc_column width=&#8220;1\/2&#8243;][vc_single_image image=&#8220;11789&#8243; img_size=&#8220;large&#8220; alignment=&#8220;center&#8220; style=&#8220;vc_box_outline&#8220; onclick=&#8220;custom_link&#8220; link=&#8220;\/de\/wohnungen\/carrubo\/&#8220;]<div class=\"pix_button \"><a href=\"\/de\/wohnungen\/carrubo\/\"  class=\"clear btn  btn-outline btn-hover-outline btn-oval  btn-md color btn-hover-color\">Einzelheiten<\/a><\/div>[\/vc_column][\/vc_row]<\/p>\n<\/div>","protected":false},"excerpt":{"rendered":"<p>[vc_row css=&#8220;.vc_custom_1553863864629{padding-bottom: 0px !important;}&#8220;][vc_column width=&#8220;1\/2&#8243;][vc_row_inner][vc_column_inner width=&#8220;1\/2&#8243;][vc_single_image image=&#8220;11775&#8243; img_size=&#8220;full&#8220; alignment=&#8220;center&#8220;][\/vc_column_inner][vc_column_inner width=&#8220;1\/2&#8243;][\/vc_column_inner][\/vc_row_inner][vc_column_text]Ein Wohnungen Komplex in 80m Entfernung vom Strand, der \u00fcber alle Wohnungstypen verf\u00fcgt: Einz. mit 3 Schlafpl\u00e4tzen, Zweiz. mit 5\/6 Schlafpl\u00e4tzen, Dreiz. mit 5 Schlafpl\u00e4tzen. F\u00fcr Momente der Ruhe und Entspannung&#8230;<\/p>\n","protected":false},"author":1,"featured_media":0,"parent":0,"menu_order":0,"comment_status":"closed","ping_status":"closed","template":"","meta":{"footnotes":""},"class_list":["post-12882","page","type-page","status-publish","hentry"],"_links":{"self":[{"href":"https:\/\/www.appartamentilorella.it\/de\/wp-json\/wp\/v2\/pages\/12882","targetHints":{"allow":["GET"]}}],"collection":[{"href":"https:\/\/www.appartamentilorella.it\/de\/wp-json\/wp\/v2\/pages"}],"about":[{"href":"https:\/\/www.appartamentilorella.it\/de\/wp-json\/wp\/v2\/types\/page"}],"author":[{"embeddable":true,"href":"https:\/\/www.appartamentilorella.it\/de\/wp-json\/wp\/v2\/users\/1"}],"replies":[{"embeddable":true,"href":"https:\/\/www.appartamentilorella.it\/de\/wp-json\/wp\/v2\/comments?post=12882"}],"version-history":[{"count":5,"href":"https:\/\/www.appartamentilorella.it\/de\/wp-json\/wp\/v2\/pages\/12882\/revisions"}],"predecessor-version":[{"id":13166,"href":"https:\/\/www.appartamentilorella.it\/de\/wp-json\/wp\/v2\/pages\/12882\/revisions\/13166"}],"wp:attachment":[{"href":"https:\/\/www.appartamentilorella.it\/de\/wp-json\/wp\/v2\/media?parent=12882"}],"curies":[{"name":"wp","href":"https:\/\/api.w.org\/{rel}","templated":true}]}}